{"id":605807,"date":"2025-08-10T17:21:09","date_gmt":"2025-08-10T15:21:09","guid":{"rendered":"https:\/\/lucacastelli.com\/prodotto\/milwaukee-multimetre-numerique-avec-entree-a-faible-impedance\/"},"modified":"2025-08-10T17:21:09","modified_gmt":"2025-08-10T15:21:09","slug":"milwaukee-multimetre-numerique-avec-entree-a-faible-impedance","status":"publish","type":"product","link":"https:\/\/lucacastelli.com\/fr\/produit\/milwaukee-multimetre-numerique-avec-entree-a-faible-impedance\/","title":{"rendered":"Milwaukee Multim\u00e8tre num\u00e9rique avec entr\u00e9e \u00e0 faible imp\u00e9dance."},"content":{"rendered":"<p>2217-40\/TESTEUR ET MULTIM\u00c8TRES<br \/>\nTRMS &#8211; True Effective Value capable de mesurer les formes d&#8217;ondes sinuso\u00efdales\/non sinuso\u00efdales en courant alternatif;Affichage \u00e0 fort contraste pour une visibilit\u00e9 maximale;Cat\u00e9gorie de surtension CAT III 600 V;Commandes lat\u00e9rales pour une utilisation d&#8217;une seule main ;Fonctions sp\u00e9cialement con\u00e7ues pour l&#8217;\u00e9lectricien;Fonction Lo-Z, r\u00e9duit la possibilit\u00e9 de fausses lectures dues \u00e0 des tensions fant\u00f4mes;Mesure de la temp\u00e9rature de contact;Glissi\u00e8re pour le montage d&#8217;accessoires<\/p>\n<p>4933416976<br \/>\n4002395238064<\/p>\n","protected":false},"excerpt":{"rendered":"<p>2217-40 TESTEURS ET MULTIM\u00c8TRES<\/p>\n","protected":false},"featured_media":569147,"template":"","meta":{"_seopress_robots_primary_cat":"","_seopress_titles_title":"","_seopress_titles_desc":"","_seopress_robots_index":""},"product_brand":[3407],"product_cat":[5531,29,514,551],"product_tag":[3270],"class_list":{"0":"post-605807","1":"product","2":"type-product","3":"status-publish","4":"has-post-thumbnail","6":"product_brand-milwaukee","7":"product_cat-vari-macchinari-milwaukee","8":"product_cat-macchinari","9":"product_cat-altri-dispositivi","10":"product_cat-apparecchi-di-misurazione","11":"product_tag-import-milwau","12":"sws-conto-ricavi-merci-rivendita-macchinari-fr","13":"sws-gruppo-iva-iva81-fr","15":"first","16":"onbackorder","17":"sale","18":"shipping-taxable","19":"purchasable","20":"product-type-simple"},"_links":{"self":[{"href":"https:\/\/lucacastelli.com\/fr\/wp-json\/wp\/v2\/product\/605807","targetHints":{"allow":["GET"]}}],"collection":[{"href":"https:\/\/lucacastelli.com\/fr\/wp-json\/wp\/v2\/product"}],"about":[{"href":"https:\/\/lucacastelli.com\/fr\/wp-json\/wp\/v2\/types\/product"}],"wp:featuredmedia":[{"embeddable":true,"href":"https:\/\/lucacastelli.com\/fr\/wp-json\/wp\/v2\/media\/569147"}],"wp:attachment":[{"href":"https:\/\/lucacastelli.com\/fr\/wp-json\/wp\/v2\/media?parent=605807"}],"wp:term":[{"taxonomy":"product_brand","embeddable":true,"href":"https:\/\/lucacastelli.com\/fr\/wp-json\/wp\/v2\/product_brand?post=605807"},{"taxonomy":"product_cat","embeddable":true,"href":"https:\/\/lucacastelli.com\/fr\/wp-json\/wp\/v2\/product_cat?post=605807"},{"taxonomy":"product_tag","embeddable":true,"href":"https:\/\/lucacastelli.com\/fr\/wp-json\/wp\/v2\/product_tag?post=605807"}],"curies":[{"name":"wp","href":"https:\/\/api.w.org\/{rel}","templated":true}]}}