{"id":605801,"date":"2025-08-10T17:21:07","date_gmt":"2025-08-10T15:21:07","guid":{"rendered":"https:\/\/lucacastelli.com\/prodotto\/milwaukee-mire-a-haute-visibilite-pour-les-lasers\/"},"modified":"2025-08-10T17:21:07","modified_gmt":"2025-08-10T15:21:07","slug":"milwaukee-mire-a-haute-visibilite-pour-les-lasers","status":"publish","type":"product","link":"https:\/\/lucacastelli.com\/fr\/produit\/milwaukee-mire-a-haute-visibilite-pour-les-lasers\/","title":{"rendered":"Milwaukee Mire \u00e0 haute visibilit\u00e9 pour les lasers"},"content":{"rendered":"<p>HI-VIST \/LASER LEVELS ate<br \/>\nLa mire haute visibilit\u00e9 Milwaukee assure la visibilit\u00e9 et un alignement rapide, avec une grande base magn\u00e9tique pour le montage sur des surfaces m\u00e9talliques ou la pose sur le sol ;Surface hautement r\u00e9fl\u00e9chissante pour une visibilit\u00e9 maximale avec les lasers verts ;La conception en forme de X assure un centrage facile du faisceau laser, ce qui rend l&#8217;alignement rapide et pr\u00e9cis<\/p>\n<p>4932478108 4058546340414.<\/p>\n","protected":false},"excerpt":{"rendered":"<p>NIVEAUX HI-VIST \/LASER ate<\/p>\n","protected":false},"featured_media":539998,"template":"","meta":{"_seopress_robots_primary_cat":"","_seopress_titles_title":"","_seopress_titles_desc":"","_seopress_robots_index":""},"product_brand":[3407],"product_cat":[5531,29,514,551],"product_tag":[3270],"class_list":{"0":"post-605801","1":"product","2":"type-product","3":"status-publish","4":"has-post-thumbnail","6":"product_brand-milwaukee","7":"product_cat-vari-macchinari-milwaukee","8":"product_cat-macchinari","9":"product_cat-altri-dispositivi","10":"product_cat-apparecchi-di-misurazione","11":"product_tag-import-milwau","12":"sws-conto-ricavi-merci-rivendita-macchinari-fr","13":"sws-gruppo-iva-iva81-fr","15":"first","16":"onbackorder","17":"sale","18":"shipping-taxable","19":"purchasable","20":"product-type-simple"},"_links":{"self":[{"href":"https:\/\/lucacastelli.com\/fr\/wp-json\/wp\/v2\/product\/605801","targetHints":{"allow":["GET"]}}],"collection":[{"href":"https:\/\/lucacastelli.com\/fr\/wp-json\/wp\/v2\/product"}],"about":[{"href":"https:\/\/lucacastelli.com\/fr\/wp-json\/wp\/v2\/types\/product"}],"wp:featuredmedia":[{"embeddable":true,"href":"https:\/\/lucacastelli.com\/fr\/wp-json\/wp\/v2\/media\/539998"}],"wp:attachment":[{"href":"https:\/\/lucacastelli.com\/fr\/wp-json\/wp\/v2\/media?parent=605801"}],"wp:term":[{"taxonomy":"product_brand","embeddable":true,"href":"https:\/\/lucacastelli.com\/fr\/wp-json\/wp\/v2\/product_brand?post=605801"},{"taxonomy":"product_cat","embeddable":true,"href":"https:\/\/lucacastelli.com\/fr\/wp-json\/wp\/v2\/product_cat?post=605801"},{"taxonomy":"product_tag","embeddable":true,"href":"https:\/\/lucacastelli.com\/fr\/wp-json\/wp\/v2\/product_tag?post=605801"}],"curies":[{"name":"wp","href":"https:\/\/api.w.org\/{rel}","templated":true}]}}