{"id":605799,"date":"2025-08-10T17:21:03","date_gmt":"2025-08-10T15:21:03","guid":{"rendered":"https:\/\/lucacastelli.com\/prodotto\/systeme-dinspection-milwaukee-m18-sonde-video-de-36-m-camera-hdr-de-25-mm\/"},"modified":"2025-08-10T17:21:03","modified_gmt":"2025-08-10T15:21:03","slug":"systeme-dinspection-milwaukee-m18-sonde-video-de-36-m-camera-hdr-de-25-mm","status":"publish","type":"product","link":"https:\/\/lucacastelli.com\/fr\/produit\/systeme-dinspection-milwaukee-m18-sonde-video-de-36-m-camera-hdr-de-25-mm\/","title":{"rendered":"Syst\u00e8me d&#8217;inspection Milwaukee M18 &#8211; sonde vid\u00e9o de 36 m, cam\u00e9ra HDR de 25 mm."},"content":{"rendered":"<p>M18SIC36HDR-0 SEWER INSPECT CAMERA<br \/>\nLe syst\u00e8me modulaire Milwaukee permet de d\u00e9placer le Smart Hub sur des tambours de diff\u00e9rentes longueurs, selon les besoins;La nouvelle cam\u00e9ra de 25 mm (High Dynamic Range) garantit des images de haute qualit\u00e9, m\u00eame dans des conditions de faible luminosit\u00e9;C\u00e2ble de 36 m\u00e8tres de long et de 9,5 mm d&#8217;\u00e9paisseur;Sonde int\u00e9gr\u00e9e pour une localisation rapide et facile. Fonctionne avec les fr\u00e9quences 512 Hz,640 Hz, 33 kHz utilis\u00e9es par les principaux fabricants;Possibilit\u00e9 de tracer le c\u00e2ble gr\u00e2ce au localisateur;Bretelles pour faciliter le transport;Pieds en caoutchouc pour travailler \u00e0 l&#8217;horizontale;Tambour ferm\u00e9 pour mieux contenir les d\u00e9bris et nettoyer la camionnette;Y compris les \u00e9paisseurs de 75 et 100 mm;12 LED int\u00e9gr\u00e9es assurent un excellent \u00e9clairage \u00e0 l&#8217;int\u00e9rieur du tuyau. <\/p>\n<p>4933493953<br \/>\n4058546511135<\/p>\n","protected":false},"excerpt":{"rendered":"<p>M18SIC36HDR-0 CAM\u00c9RA D&#8217;INSPECTION DES \u00c9GOUTS<\/p>\n","protected":false},"featured_media":586644,"template":"","meta":{"_seopress_robots_primary_cat":"","_seopress_titles_title":"","_seopress_titles_desc":"","_seopress_robots_index":""},"product_brand":[3658],"product_cat":[167,1453,1471],"product_tag":[3273],"class_list":{"0":"post-605799","1":"product","2":"type-product","3":"status-publish","4":"has-post-thumbnail","6":"product_brand-milwaukee-fr","7":"product_cat-machines","8":"product_cat-autres-appareils","9":"product_cat-appareils-de-mesure","10":"product_tag-import-milwau-fr","11":"sws-conto-ricavi-merci-rivendita-macchinari-fr","12":"sws-gruppo-iva-iva81-fr","14":"first","15":"onbackorder","16":"sale","17":"shipping-taxable","18":"purchasable","19":"product-type-simple"},"_links":{"self":[{"href":"https:\/\/lucacastelli.com\/fr\/wp-json\/wp\/v2\/product\/605799","targetHints":{"allow":["GET"]}}],"collection":[{"href":"https:\/\/lucacastelli.com\/fr\/wp-json\/wp\/v2\/product"}],"about":[{"href":"https:\/\/lucacastelli.com\/fr\/wp-json\/wp\/v2\/types\/product"}],"wp:featuredmedia":[{"embeddable":true,"href":"https:\/\/lucacastelli.com\/fr\/wp-json\/wp\/v2\/media\/586644"}],"wp:attachment":[{"href":"https:\/\/lucacastelli.com\/fr\/wp-json\/wp\/v2\/media?parent=605799"}],"wp:term":[{"taxonomy":"product_brand","embeddable":true,"href":"https:\/\/lucacastelli.com\/fr\/wp-json\/wp\/v2\/product_brand?post=605799"},{"taxonomy":"product_cat","embeddable":true,"href":"https:\/\/lucacastelli.com\/fr\/wp-json\/wp\/v2\/product_cat?post=605799"},{"taxonomy":"product_tag","embeddable":true,"href":"https:\/\/lucacastelli.com\/fr\/wp-json\/wp\/v2\/product_tag?post=605799"}],"curies":[{"name":"wp","href":"https:\/\/api.w.org\/{rel}","templated":true}]}}