{"id":605791,"date":"2025-08-10T17:21:04","date_gmt":"2025-08-10T15:21:04","guid":{"rendered":"https:\/\/lucacastelli.com\/prodotto\/systeme-dinspection-milwaukee-m18-sonde-video-de-60-m-camera-hdr-de-34-mm\/"},"modified":"2025-08-10T17:21:04","modified_gmt":"2025-08-10T15:21:04","slug":"systeme-dinspection-milwaukee-m18-sonde-video-de-60-m-camera-hdr-de-34-mm","status":"publish","type":"product","link":"https:\/\/lucacastelli.com\/fr\/produit\/systeme-dinspection-milwaukee-m18-sonde-video-de-60-m-camera-hdr-de-34-mm\/","title":{"rendered":"Syst\u00e8me d&#8217;inspection Milwaukee M18 &#8211; sonde vid\u00e9o de 60 m, cam\u00e9ra HDR de 34 mm."},"content":{"rendered":"<p>M18 SIC60 HDR-0 \/ SYST\u00c8ME D&#8217;INSPECTION<br \/>\nLe syst\u00e8me modulaire Milwaukee\u00ae permet de d\u00e9placer le Smart Hub sur des tambours de diff\u00e9rentes longueurs, selon les besoins;La nouvelle cam\u00e9ra 34 mm (High Dynamic Range) garantit des images de haute qualit\u00e9 m\u00eame dans des conditions de faible luminosit\u00e9;C\u00e2ble de 60 m\u00e8tres de long et de 12 mm d&#8217;\u00e9paisseur;Tambour ferm\u00e9 pour mieux contenir les d\u00e9bris et nettoyer le fourgon;Sonde int\u00e9gr\u00e9e pour une localisation rapide et facile. Fonctionne avec les fr\u00e9quences 512 Hz,640 Hz, 33 kHz utilis\u00e9es par les principaux fabricants;Possibilit\u00e9 de tracer le c\u00e2ble gr\u00e2ce au localisateur;Pieds en caoutchouc pour travailler \u00e0 l&#8217;horizontale;Perche t\u00e9lescopique pour un transport facile sur roues;Cales de guidage de 75 et 115 mm incluses;20 LED int\u00e9gr\u00e9es garantissent un excellent \u00e9clairage \u00e0 l&#8217;int\u00e9rieur du tuyau. <\/p>\n<p>4933493954<br \/>\n4058546511142<\/p>\n","protected":false},"excerpt":{"rendered":"<p>M18 SIC60 HDR-0\/SYST\u00c8ME D&#8217;INSPECTION<\/p>\n","protected":false},"featured_media":586649,"template":"","meta":{"_seopress_robots_primary_cat":"","_seopress_titles_title":"","_seopress_titles_desc":"","_seopress_robots_index":""},"product_brand":[3407],"product_cat":[29,514,551],"product_tag":[3270],"class_list":{"0":"post-605791","1":"product","2":"type-product","3":"status-publish","4":"has-post-thumbnail","6":"product_brand-milwaukee","7":"product_cat-macchinari","8":"product_cat-altri-dispositivi","9":"product_cat-apparecchi-di-misurazione","10":"product_tag-import-milwau","11":"sws-conto-ricavi-merci-rivendita-macchinari-fr","12":"sws-gruppo-iva-iva81-fr","14":"first","15":"onbackorder","16":"sale","17":"shipping-taxable","18":"purchasable","19":"product-type-simple"},"_links":{"self":[{"href":"https:\/\/lucacastelli.com\/fr\/wp-json\/wp\/v2\/product\/605791","targetHints":{"allow":["GET"]}}],"collection":[{"href":"https:\/\/lucacastelli.com\/fr\/wp-json\/wp\/v2\/product"}],"about":[{"href":"https:\/\/lucacastelli.com\/fr\/wp-json\/wp\/v2\/types\/product"}],"wp:featuredmedia":[{"embeddable":true,"href":"https:\/\/lucacastelli.com\/fr\/wp-json\/wp\/v2\/media\/586649"}],"wp:attachment":[{"href":"https:\/\/lucacastelli.com\/fr\/wp-json\/wp\/v2\/media?parent=605791"}],"wp:term":[{"taxonomy":"product_brand","embeddable":true,"href":"https:\/\/lucacastelli.com\/fr\/wp-json\/wp\/v2\/product_brand?post=605791"},{"taxonomy":"product_cat","embeddable":true,"href":"https:\/\/lucacastelli.com\/fr\/wp-json\/wp\/v2\/product_cat?post=605791"},{"taxonomy":"product_tag","embeddable":true,"href":"https:\/\/lucacastelli.com\/fr\/wp-json\/wp\/v2\/product_tag?post=605791"}],"curies":[{"name":"wp","href":"https:\/\/api.w.org\/{rel}","templated":true}]}}