{"id":605764,"date":"2025-08-12T18:11:39","date_gmt":"2025-08-12T16:11:39","guid":{"rendered":"https:\/\/lucacastelli.com\/prodotto\/milwaukee-m12-sweat-a-capuche-chauffant-noir\/"},"modified":"2025-08-12T18:11:39","modified_gmt":"2025-08-12T16:11:39","slug":"milwaukee-m12-sweat-a-capuche-chauffant-noir","status":"publish","type":"product","link":"https:\/\/lucacastelli.com\/fr\/produit\/milwaukee-m12-sweat-a-capuche-chauffant-noir\/","title":{"rendered":"Milwaukee M12\u2122 Sweat \u00e0 capuche chauffant &#8211; Noir"},"content":{"rendered":"<p>M12 HHBL4-0 (2XL) SWEATSHIRT TERM.CAPPUC NOIR<br \/>\nLe sweat \u00e0 capuche chauffant M12\u2122 aliment\u00e9 par une batterie M12\u2122 avec des \u00e9l\u00e9ments chauffants en fibre de carbone cr\u00e9e et distribue de la chaleur au niveau de la poitrine et du dos;Temps de chauffe sup\u00e9rieur, jusqu&#8217;\u00e0 11 heures de temps de chauffe avec une seule charge de la batterie M12\u2122 12V REDLITHIUM\u2122 3 Ah ;Sweat \u00e0 capuche chauffant ext\u00e9rieur en coton durable (53 %) avec poches renforc\u00e9es r\u00e9sistantes et doublure en polaire de polyester (47 %);Poche cach\u00e9e pour la batterie permettant de placer le M12\u2122 \u00e0 l&#8217;avant ou \u00e0 l&#8217;arri\u00e8re pour plus de confort;En automne et au printemps, le sweat \u00e0 capuche peut \u00eatre port\u00e9 comme une couverture ext\u00e9rieure durable et confortable. En hiver, il est sugg\u00e9r\u00e9 de le porter comme couche de base int\u00e9rieure, pour conserver la chaleur pr\u00e8s du corps;3 Zones de chauffage multiples : fibre de carbone. Elles distribuent la chaleur aux zones centrales du corps;Contr\u00f4leur de chaleur facile \u00e0 une touche &#8211; 3 r\u00e9glages de chaleur : \u00e9lev\u00e9e, moyenne, faible;Poche pour t\u00e9l\u00e9phone portable int\u00e9gr\u00e9e;Lavable en machine et s\u00e9chable au s\u00e8che-linge;Support de batterie inclus;Syst\u00e8me de batterie polyvalent : fonctionne avec toutes les batteries Milwaukee.  <\/p>\n<p>4932480065<br \/>\n4058546403508<\/p>\n","protected":false},"excerpt":{"rendered":"<p>M12 HHBL4-0 (2XL) SWEATSHIRT TERM.CAPPUC NOIR Le sweat \u00e0 capuche chauffant M12\u2122 aliment\u00e9 par une batterie M12\u2122 avec des \u00e9l\u00e9ments<\/p>\n","protected":false},"featured_media":546204,"template":"","meta":{"_seopress_robots_primary_cat":"none","_seopress_titles_title":"","_seopress_titles_desc":"","_seopress_robots_index":""},"product_brand":[3658],"product_cat":[81,1381],"product_tag":[],"class_list":{"0":"post-605764","1":"product","2":"type-product","3":"status-publish","4":"has-post-thumbnail","6":"product_brand-milwaukee-fr","7":"product_cat-vetements","8":"product_cat-vetements-de-travail","9":"sws-gruppo-abb-libero-fr","10":"sws-conto-ricavi-merci-rivendita-abbigliamento-fr","11":"sws-gruppo-iva-iva81-fr","13":"first","14":"instock","15":"shipping-taxable","16":"purchasable","17":"product-type-variable","18":"has-default-attributes"},"_links":{"self":[{"href":"https:\/\/lucacastelli.com\/fr\/wp-json\/wp\/v2\/product\/605764","targetHints":{"allow":["GET"]}}],"collection":[{"href":"https:\/\/lucacastelli.com\/fr\/wp-json\/wp\/v2\/product"}],"about":[{"href":"https:\/\/lucacastelli.com\/fr\/wp-json\/wp\/v2\/types\/product"}],"wp:featuredmedia":[{"embeddable":true,"href":"https:\/\/lucacastelli.com\/fr\/wp-json\/wp\/v2\/media\/546204"}],"wp:attachment":[{"href":"https:\/\/lucacastelli.com\/fr\/wp-json\/wp\/v2\/media?parent=605764"}],"wp:term":[{"taxonomy":"product_brand","embeddable":true,"href":"https:\/\/lucacastelli.com\/fr\/wp-json\/wp\/v2\/product_brand?post=605764"},{"taxonomy":"product_cat","embeddable":true,"href":"https:\/\/lucacastelli.com\/fr\/wp-json\/wp\/v2\/product_cat?post=605764"},{"taxonomy":"product_tag","embeddable":true,"href":"https:\/\/lucacastelli.com\/fr\/wp-json\/wp\/v2\/product_tag?post=605764"}],"curies":[{"name":"wp","href":"https:\/\/api.w.org\/{rel}","templated":true}]}}