{"id":605740,"date":"2025-08-12T18:14:02","date_gmt":"2025-08-12T16:14:02","guid":{"rendered":"https:\/\/lucacastelli.com\/prodotto\/milwaukee-m12-sweat-a-capuche-chauffant-gris\/"},"modified":"2025-08-12T18:14:02","modified_gmt":"2025-08-12T16:14:02","slug":"milwaukee-m12-sweat-a-capuche-chauffant-gris","status":"publish","type":"product","link":"https:\/\/lucacastelli.com\/fr\/produit\/milwaukee-m12-sweat-a-capuche-chauffant-gris\/","title":{"rendered":"Milwaukee M12\u2122 Sweat \u00e0 capuche chauffant &#8211; gris"},"content":{"rendered":"<p>M12HHGREY4-0(XXL) SWEATSHIRT THERM. CAPPU. GRI<br \/>\nLe sweat \u00e0 capuche chauffant M12\u2122 aliment\u00e9 par une batterie M12\u2122 avec des \u00e9l\u00e9ments chauffants en fibre de carbone cr\u00e9e et distribue de la chaleur sur la poitrine et le dos;Autonomie sup\u00e9rieure, jusqu&#8217;\u00e0 11 heures de chaleur sur une seule charge de batterie \u00e0 partir d&#8217;un pack de batterie M12\u2122 REDLITHIUM\u2122 de 3,0 Ah ;Sweat \u00e0 capuche chauffant robuste fait d&#8217;un ext\u00e9rieur en coton durable (53 %) avec des poches renforc\u00e9es et une doublure en polaire de polyester (47 %) pour r\u00e9sister aux conditions ext\u00e9rieures difficiles;Poche cach\u00e9e optimis\u00e9e pour placer le bloc-piles M12\u2122 \u00e0 l&#8217;avant ou \u00e0 l&#8217;arri\u00e8re pour plus de confort;En automne et au printemps, le sweat \u00e0 capuche peut \u00eatre port\u00e9 comme une couche ext\u00e9rieure robuste. En hiver, il est sugg\u00e9r\u00e9 comme couche de base qui permet de se d\u00e9barrasser des sous-v\u00eatements encombrants en g\u00e9n\u00e9rant et en conservant la chaleur pr\u00e8s du corps;Zones de chauffage multiples &#8211; 3 zones de chauffage en fibre de carbone cousues distribuent la chaleur aux zones centrales du corps;Contr\u00f4leur de chaleur facile \u00e0 une touche &#8211; 3 r\u00e9glages de chaleur : \u00e9lev\u00e9e, moyenne, faible;Poche int\u00e9gr\u00e9e pour t\u00e9l\u00e9phone portable;Lavable en machine et s\u00e9chable par culbutage;Support de batterie inclus;Syst\u00e8me de batterie flexible : fonctionne avec toutes les batteries Milwaukee\u00ae M12\u2122. <\/p>\n<p>4932480070<br \/>\n4058546403553<\/p>\n","protected":false},"excerpt":{"rendered":"<p>M12HHGREY4-0(XXL) SWEATSHIRT THERM. CAPPU. GRI Le sweat \u00e0 capuche chauffant M12\u2122 aliment\u00e9 par une batterie M12\u2122 avec des \u00e9l\u00e9ments chauffants<\/p>\n","protected":false},"featured_media":546285,"template":"","meta":{"_seopress_robots_primary_cat":"none","_seopress_titles_title":"","_seopress_titles_desc":"","_seopress_robots_index":""},"product_brand":[3407],"product_cat":[21,284],"product_tag":[],"class_list":{"0":"post-605740","1":"product","2":"type-product","3":"status-publish","4":"has-post-thumbnail","6":"product_brand-milwaukee","7":"product_cat-abbigliamento","8":"product_cat-abbigliamento-da-lavoro","9":"sws-gruppo-abb-libero-fr","10":"sws-conto-ricavi-merci-rivendita-abbigliamento-fr","11":"sws-gruppo-iva-iva81-fr","13":"first","14":"instock","15":"shipping-taxable","16":"purchasable","17":"product-type-variable","18":"has-default-attributes"},"_links":{"self":[{"href":"https:\/\/lucacastelli.com\/fr\/wp-json\/wp\/v2\/product\/605740","targetHints":{"allow":["GET"]}}],"collection":[{"href":"https:\/\/lucacastelli.com\/fr\/wp-json\/wp\/v2\/product"}],"about":[{"href":"https:\/\/lucacastelli.com\/fr\/wp-json\/wp\/v2\/types\/product"}],"wp:featuredmedia":[{"embeddable":true,"href":"https:\/\/lucacastelli.com\/fr\/wp-json\/wp\/v2\/media\/546285"}],"wp:attachment":[{"href":"https:\/\/lucacastelli.com\/fr\/wp-json\/wp\/v2\/media?parent=605740"}],"wp:term":[{"taxonomy":"product_brand","embeddable":true,"href":"https:\/\/lucacastelli.com\/fr\/wp-json\/wp\/v2\/product_brand?post=605740"},{"taxonomy":"product_cat","embeddable":true,"href":"https:\/\/lucacastelli.com\/fr\/wp-json\/wp\/v2\/product_cat?post=605740"},{"taxonomy":"product_tag","embeddable":true,"href":"https:\/\/lucacastelli.com\/fr\/wp-json\/wp\/v2\/product_tag?post=605740"}],"curies":[{"name":"wp","href":"https:\/\/api.w.org\/{rel}","templated":true}]}}