{"id":605704,"date":"2025-08-10T17:37:57","date_gmt":"2025-08-10T15:37:57","guid":{"rendered":"https:\/\/lucacastelli.com\/prodotto\/milwaukee-lames-de-remplacement-pour-les-embouts-auto-alimentes-switchblade-3\/"},"modified":"2025-08-10T17:37:57","modified_gmt":"2025-08-10T15:37:57","slug":"milwaukee-lames-de-remplacement-pour-les-embouts-auto-alimentes-switchblade-3","status":"publish","type":"product","link":"https:\/\/lucacastelli.com\/fr\/produit\/milwaukee-lames-de-remplacement-pour-les-embouts-auto-alimentes-switchblade-3\/","title":{"rendered":"Milwaukee Lames de remplacement pour les embouts auto-aliment\u00e9s SWITCHBLADE"},"content":{"rendered":"<p>Perceuse \u00e0 bois SWB Lame auto-aff\u00fbtante 65mm-1pc<br \/>\nLames de rechange SWITCHBLADE. Le syst\u00e8me de lames rempla\u00e7ables SWITCHBLADE garantit que ta lame est toujours aiguis\u00e9e. Cela augmente la productivit\u00e9 en \u00e9liminant les temps d&#8217;arr\u00eat pour le r\u00e9aff\u00fbtage et augmente la dur\u00e9e de vie globale de la perceuse  <\/p>\n<p>4932479551<br \/>\n4058546373450<\/p>\n","protected":false},"excerpt":{"rendered":"<p>Perceuse \u00e0 bois SWB Lame Selfeed 65mm-1pc<\/p>\n","protected":false},"featured_media":544112,"template":"","meta":{"_seopress_robots_primary_cat":"","_seopress_titles_title":"","_seopress_titles_desc":"","_seopress_robots_index":""},"product_brand":[3658],"product_cat":[5532,167],"product_tag":[3273],"class_list":{"0":"post-605704","1":"product","2":"type-product","3":"status-publish","4":"has-post-thumbnail","6":"product_brand-milwaukee-fr","7":"product_cat-diverses-machines-milwaukee","8":"product_cat-machines","9":"product_tag-import-milwau-fr","10":"sws-conto-ricavi-merci-rivendita-macchinari-fr","11":"sws-gruppo-iva-iva81-fr","13":"first","14":"onbackorder","15":"shipping-taxable","16":"purchasable","17":"product-type-simple"},"_links":{"self":[{"href":"https:\/\/lucacastelli.com\/fr\/wp-json\/wp\/v2\/product\/605704","targetHints":{"allow":["GET"]}}],"collection":[{"href":"https:\/\/lucacastelli.com\/fr\/wp-json\/wp\/v2\/product"}],"about":[{"href":"https:\/\/lucacastelli.com\/fr\/wp-json\/wp\/v2\/types\/product"}],"wp:featuredmedia":[{"embeddable":true,"href":"https:\/\/lucacastelli.com\/fr\/wp-json\/wp\/v2\/media\/544112"}],"wp:attachment":[{"href":"https:\/\/lucacastelli.com\/fr\/wp-json\/wp\/v2\/media?parent=605704"}],"wp:term":[{"taxonomy":"product_brand","embeddable":true,"href":"https:\/\/lucacastelli.com\/fr\/wp-json\/wp\/v2\/product_brand?post=605704"},{"taxonomy":"product_cat","embeddable":true,"href":"https:\/\/lucacastelli.com\/fr\/wp-json\/wp\/v2\/product_cat?post=605704"},{"taxonomy":"product_tag","embeddable":true,"href":"https:\/\/lucacastelli.com\/fr\/wp-json\/wp\/v2\/product_tag?post=605704"}],"curies":[{"name":"wp","href":"https:\/\/api.w.org\/{rel}","templated":true}]}}