{"id":605694,"date":"2025-08-10T17:37:55","date_gmt":"2025-08-10T15:37:55","guid":{"rendered":"https:\/\/lucacastelli.com\/prodotto\/milwaukee-lames-de-remplacement-pour-les-embouts-auto-alimentes-switchblade\/"},"modified":"2025-08-10T17:37:55","modified_gmt":"2025-08-10T15:37:55","slug":"milwaukee-lames-de-remplacement-pour-les-embouts-auto-alimentes-switchblade","status":"publish","type":"product","link":"https:\/\/lucacastelli.com\/fr\/produit\/milwaukee-lames-de-remplacement-pour-les-embouts-auto-alimentes-switchblade\/","title":{"rendered":"Milwaukee Lames de remplacement pour les embouts auto-aliment\u00e9s SWITCHBLADE"},"content":{"rendered":"<p>Perceuse \u00e0 bois SWB Lame auto-aff\u00fbtante 54mm-1pc<br \/>\nLames de rechange SWITCHBLADE. Le syst\u00e8me de lames rempla\u00e7ables SWITCHBLADE garantit que ta lame est toujours aiguis\u00e9e. Cela permet d&#8217;augmenter la productivit\u00e9 en \u00e9liminant les temps d&#8217;arr\u00eat li\u00e9s au r\u00e9aff\u00fbtage et d&#8217;augmenter la dur\u00e9e de vie globale de la perceuse  <\/p>\n<p>4932479549<br \/>\n4058546373436<\/p>\n","protected":false},"excerpt":{"rendered":"<p>Perceuse \u00e0 bois SWB Selfeed Blade 54mm-1pc<\/p>\n","protected":false},"featured_media":544102,"template":"","meta":{"_seopress_robots_primary_cat":"","_seopress_titles_title":"","_seopress_titles_desc":"","_seopress_robots_index":""},"product_brand":[3407],"product_cat":[5531,29],"product_tag":[3270],"class_list":{"0":"post-605694","1":"product","2":"type-product","3":"status-publish","4":"has-post-thumbnail","6":"product_brand-milwaukee","7":"product_cat-vari-macchinari-milwaukee","8":"product_cat-macchinari","9":"product_tag-import-milwau","10":"sws-conto-ricavi-merci-rivendita-macchinari-fr","11":"sws-gruppo-iva-iva81-fr","13":"first","14":"onbackorder","15":"shipping-taxable","16":"purchasable","17":"product-type-simple"},"_links":{"self":[{"href":"https:\/\/lucacastelli.com\/fr\/wp-json\/wp\/v2\/product\/605694","targetHints":{"allow":["GET"]}}],"collection":[{"href":"https:\/\/lucacastelli.com\/fr\/wp-json\/wp\/v2\/product"}],"about":[{"href":"https:\/\/lucacastelli.com\/fr\/wp-json\/wp\/v2\/types\/product"}],"wp:featuredmedia":[{"embeddable":true,"href":"https:\/\/lucacastelli.com\/fr\/wp-json\/wp\/v2\/media\/544102"}],"wp:attachment":[{"href":"https:\/\/lucacastelli.com\/fr\/wp-json\/wp\/v2\/media?parent=605694"}],"wp:term":[{"taxonomy":"product_brand","embeddable":true,"href":"https:\/\/lucacastelli.com\/fr\/wp-json\/wp\/v2\/product_brand?post=605694"},{"taxonomy":"product_cat","embeddable":true,"href":"https:\/\/lucacastelli.com\/fr\/wp-json\/wp\/v2\/product_cat?post=605694"},{"taxonomy":"product_tag","embeddable":true,"href":"https:\/\/lucacastelli.com\/fr\/wp-json\/wp\/v2\/product_tag?post=605694"}],"curies":[{"name":"wp","href":"https:\/\/api.w.org\/{rel}","templated":true}]}}