{"id":605676,"date":"2025-08-12T17:52:59","date_gmt":"2025-08-12T15:52:59","guid":{"rendered":"https:\/\/lucacastelli.com\/prodotto\/milwaukee-gilet-haute-visibilite-orange\/"},"modified":"2025-08-12T17:52:59","modified_gmt":"2025-08-12T15:52:59","slug":"milwaukee-gilet-haute-visibilite-orange","status":"publish","type":"product","link":"https:\/\/lucacastelli.com\/fr\/produit\/milwaukee-gilet-haute-visibilite-orange\/","title":{"rendered":"Milwaukee Gilet haute visibilit\u00e9 orange"},"content":{"rendered":"<p>GILETS DE HAUTE VISIBILIT\u00c9 ORANGE 2XL\/3XL 1pcs<br \/>\n10 compartiments pour ranger commod\u00e9ment tous tes effets personnels;Espace r\u00e9serv\u00e9 pour ins\u00e9rer ton badge;Possibilit\u00e9 d&#8217;ajuster la taille en fonction de tes besoins;Id\u00e9al pour une utilisation avec les harnais de s\u00e9curit\u00e9;Certification europ\u00e9enne en tant que v\u00eatement de haute visibilit\u00e9 de classe 2 : EN ISO 20471 : 2013\/A1 : 2016;Max 25 lavages;Meilleure respirabilit\u00e9 dans le dos, gr\u00e2ce au mat\u00e9riau en maille<\/p>\n<p>4932471894<br \/>\n4058546297930.<\/p>\n","protected":false},"excerpt":{"rendered":"<p>GILETS DE HAUTE VISIBILIT\u00c9 ORANGE 2XL\/3XL 1pcs 10 compartiments pour ranger commod\u00e9ment tous tes effets personnels;Espace r\u00e9serv\u00e9 pour ins\u00e9rer ton<\/p>\n","protected":false},"featured_media":604483,"template":"","meta":{"_seopress_robots_primary_cat":"","_seopress_titles_title":"","_seopress_titles_desc":"","_seopress_robots_index":""},"product_brand":[3407],"product_cat":[21,284],"product_tag":[],"class_list":{"0":"post-605676","1":"product","2":"type-product","3":"status-publish","4":"has-post-thumbnail","6":"product_brand-milwaukee","7":"product_cat-abbigliamento","8":"product_cat-abbigliamento-da-lavoro","9":"sws-gruppo-abb-libero-fr","10":"sws-conto-ricavi-merci-rivendita-abbigliamento-fr","11":"sws-gruppo-iva-iva81-fr","13":"first","14":"instock","15":"shipping-taxable","16":"purchasable","17":"product-type-variable","18":"has-default-attributes"},"_links":{"self":[{"href":"https:\/\/lucacastelli.com\/fr\/wp-json\/wp\/v2\/product\/605676","targetHints":{"allow":["GET"]}}],"collection":[{"href":"https:\/\/lucacastelli.com\/fr\/wp-json\/wp\/v2\/product"}],"about":[{"href":"https:\/\/lucacastelli.com\/fr\/wp-json\/wp\/v2\/types\/product"}],"wp:featuredmedia":[{"embeddable":true,"href":"https:\/\/lucacastelli.com\/fr\/wp-json\/wp\/v2\/media\/604483"}],"wp:attachment":[{"href":"https:\/\/lucacastelli.com\/fr\/wp-json\/wp\/v2\/media?parent=605676"}],"wp:term":[{"taxonomy":"product_brand","embeddable":true,"href":"https:\/\/lucacastelli.com\/fr\/wp-json\/wp\/v2\/product_brand?post=605676"},{"taxonomy":"product_cat","embeddable":true,"href":"https:\/\/lucacastelli.com\/fr\/wp-json\/wp\/v2\/product_cat?post=605676"},{"taxonomy":"product_tag","embeddable":true,"href":"https:\/\/lucacastelli.com\/fr\/wp-json\/wp\/v2\/product_tag?post=605676"}],"curies":[{"name":"wp","href":"https:\/\/api.w.org\/{rel}","templated":true}]}}