{"id":605662,"date":"2025-08-12T17:45:04","date_gmt":"2025-08-12T15:45:04","guid":{"rendered":"https:\/\/lucacastelli.com\/prodotto\/milwaukee-gilet-de-haute-visibilite-jaune\/"},"modified":"2025-08-12T17:45:04","modified_gmt":"2025-08-12T15:45:04","slug":"milwaukee-gilet-de-haute-visibilite-jaune","status":"publish","type":"product","link":"https:\/\/lucacastelli.com\/fr\/produit\/milwaukee-gilet-de-haute-visibilite-jaune\/","title":{"rendered":"Milwaukee Gilet de haute visibilit\u00e9 jaune"},"content":{"rendered":"<p>VESTE HAUTE VISIBILIT\u00c9 JAUNE S\/M -1pcs<br \/>\n10 compartiments pour un rangement pratique de tous tes effets personnels;Espace r\u00e9serv\u00e9 pour ins\u00e9rer ton badge;Possibilit\u00e9 d&#8217;ajuster la taille en fonction de tes besoins;Id\u00e9al pour une utilisation avec les harnais de s\u00e9curit\u00e9;Certification europ\u00e9enne en tant que v\u00eatement haute visibilit\u00e9 classe 2 : EN ISO 20471 : 2013\/A1 : 2016;Max 25 lavages;Respirabilit\u00e9 am\u00e9lior\u00e9e dans le dos, gr\u00e2ce \u00e0 la mati\u00e8re en maille<\/p>\n<p>4932471889 4058546297886.<\/p>\n","protected":false},"excerpt":{"rendered":"<p>VESTE HAUTE VISIBILIT\u00c9 JAUNE S\/M -1pcs 10 compartiments pour un rangement pratique de tous tes effets personnels;Espace r\u00e9serv\u00e9 pour ins\u00e9rer<\/p>\n","protected":false},"featured_media":604474,"template":"","meta":{"_seopress_robots_primary_cat":"","_seopress_titles_title":"","_seopress_titles_desc":"","_seopress_robots_index":""},"product_brand":[3658],"product_cat":[81,1381],"product_tag":[],"class_list":{"0":"post-605662","1":"product","2":"type-product","3":"status-publish","4":"has-post-thumbnail","6":"product_brand-milwaukee-fr","7":"product_cat-vetements","8":"product_cat-vetements-de-travail","9":"sws-gruppo-abb-libero-fr","10":"sws-conto-ricavi-merci-rivendita-abbigliamento-fr","11":"sws-gruppo-iva-iva81-fr","13":"first","14":"instock","15":"shipping-taxable","16":"purchasable","17":"product-type-variable","18":"has-default-attributes"},"_links":{"self":[{"href":"https:\/\/lucacastelli.com\/fr\/wp-json\/wp\/v2\/product\/605662","targetHints":{"allow":["GET"]}}],"collection":[{"href":"https:\/\/lucacastelli.com\/fr\/wp-json\/wp\/v2\/product"}],"about":[{"href":"https:\/\/lucacastelli.com\/fr\/wp-json\/wp\/v2\/types\/product"}],"wp:featuredmedia":[{"embeddable":true,"href":"https:\/\/lucacastelli.com\/fr\/wp-json\/wp\/v2\/media\/604474"}],"wp:attachment":[{"href":"https:\/\/lucacastelli.com\/fr\/wp-json\/wp\/v2\/media?parent=605662"}],"wp:term":[{"taxonomy":"product_brand","embeddable":true,"href":"https:\/\/lucacastelli.com\/fr\/wp-json\/wp\/v2\/product_brand?post=605662"},{"taxonomy":"product_cat","embeddable":true,"href":"https:\/\/lucacastelli.com\/fr\/wp-json\/wp\/v2\/product_cat?post=605662"},{"taxonomy":"product_tag","embeddable":true,"href":"https:\/\/lucacastelli.com\/fr\/wp-json\/wp\/v2\/product_tag?post=605662"}],"curies":[{"name":"wp","href":"https:\/\/api.w.org\/{rel}","templated":true}]}}