{"id":605652,"date":"2025-08-12T17:36:18","date_gmt":"2025-08-12T15:36:18","guid":{"rendered":"https:\/\/lucacastelli.com\/prodotto\/milwaukee-m12-veste-thermique-a-capuche-noir\/"},"modified":"2025-08-12T17:36:18","modified_gmt":"2025-08-12T15:36:18","slug":"milwaukee-m12-veste-thermique-a-capuche-noir","status":"publish","type":"product","link":"https:\/\/lucacastelli.com\/fr\/produit\/milwaukee-m12-veste-thermique-a-capuche-noir\/","title":{"rendered":"Milwaukee M12\u2122 Veste thermique \u00e0 capuche &#8211; Noir"},"content":{"rendered":"<p>M12 HPJBL2-0 (S) TERM.CAPPUC JACKET BLACK<br \/>\nVeste thermique M12\u2122 aliment\u00e9e par une batterie M12\u2122 avec des \u00e9l\u00e9ments chauffants en fibre de carbone, qui cr\u00e9e et distribue de la chaleur au niveau de la poitrine, du dos et des \u00e9paules;Temps de chauffe sup\u00e9rieur, jusqu&#8217;\u00e0 11 heures de temps de chauffe avec une seule charge de la batterie M12\u2122 12V REDLITHIUM\u2122 3 Ah ;Polyester ripstop l\u00e9ger et tr\u00e8s r\u00e9sistant;Zones renforc\u00e9es aux principaux points d&#8217;usure, prot\u00e9g\u00e9es contre les abrasions et les d\u00e9chirures;Offre confort et durabilit\u00e9 dans les environnements difficiles;Poche cach\u00e9e pour la batterie permettant de positionner le M12\u2122 \u00e0 l&#8217;avant ou \u00e0 l&#8217;arri\u00e8re pour plus de confort;5 Zones de chauffage multiples &#8211; fibre de carbone. R\u00e9partissent la chaleur sur les zones centrales du corps;Contr\u00f4leur de chaleur facile \u00e0 une touche &#8211; 3 r\u00e9glages de chaleur : \u00e9lev\u00e9e, moyenne, faible;Lavable en machine et s\u00e9chable au s\u00e8che-linge;Support de batterie inclus;Nouveau design de la capuche;Syst\u00e8me de batterie polyvalent : fonctionne avec toutes les batteries Milwaukee\u00aeM12\u2122. <\/p>\n<p>4932480071<br \/>\n4058546403560<\/p>\n","protected":false},"excerpt":{"rendered":"<p>M12 HPJBL2-0 (S) TERM.CAPPUC JACKET BLACK Veste thermique M12\u2122 aliment\u00e9e par une batterie M12\u2122 avec des \u00e9l\u00e9ments chauffants en fibre<\/p>\n","protected":false},"featured_media":546302,"template":"","meta":{"_seopress_robots_primary_cat":"none","_seopress_titles_title":"","_seopress_titles_desc":"","_seopress_robots_index":""},"product_brand":[3658],"product_cat":[81,1381],"product_tag":[],"class_list":{"0":"post-605652","1":"product","2":"type-product","3":"status-publish","4":"has-post-thumbnail","6":"product_brand-milwaukee-fr","7":"product_cat-vetements","8":"product_cat-vetements-de-travail","9":"sws-gruppo-abb-libero-fr","10":"sws-conto-ricavi-merci-rivendita-abbigliamento-fr","11":"sws-gruppo-iva-iva81-fr","13":"first","14":"instock","15":"shipping-taxable","16":"purchasable","17":"product-type-variable","18":"has-default-attributes"},"_links":{"self":[{"href":"https:\/\/lucacastelli.com\/fr\/wp-json\/wp\/v2\/product\/605652","targetHints":{"allow":["GET"]}}],"collection":[{"href":"https:\/\/lucacastelli.com\/fr\/wp-json\/wp\/v2\/product"}],"about":[{"href":"https:\/\/lucacastelli.com\/fr\/wp-json\/wp\/v2\/types\/product"}],"wp:featuredmedia":[{"embeddable":true,"href":"https:\/\/lucacastelli.com\/fr\/wp-json\/wp\/v2\/media\/546302"}],"wp:attachment":[{"href":"https:\/\/lucacastelli.com\/fr\/wp-json\/wp\/v2\/media?parent=605652"}],"wp:term":[{"taxonomy":"product_brand","embeddable":true,"href":"https:\/\/lucacastelli.com\/fr\/wp-json\/wp\/v2\/product_brand?post=605652"},{"taxonomy":"product_cat","embeddable":true,"href":"https:\/\/lucacastelli.com\/fr\/wp-json\/wp\/v2\/product_cat?post=605652"},{"taxonomy":"product_tag","embeddable":true,"href":"https:\/\/lucacastelli.com\/fr\/wp-json\/wp\/v2\/product_tag?post=605652"}],"curies":[{"name":"wp","href":"https:\/\/api.w.org\/{rel}","templated":true}]}}