{"id":605618,"date":"2025-08-12T17:32:23","date_gmt":"2025-08-12T15:32:23","guid":{"rendered":"https:\/\/lucacastelli.com\/prodotto\/milwaukee-hoodie-chauffe-m12-pour-femme-noir\/"},"modified":"2025-08-12T17:32:23","modified_gmt":"2025-08-12T15:32:23","slug":"milwaukee-hoodie-chauffe-m12-pour-femme-noir","status":"publish","type":"product","link":"https:\/\/lucacastelli.com\/fr\/produit\/milwaukee-hoodie-chauffe-m12-pour-femme-noir\/","title":{"rendered":"Milwaukee Hoodie chauff\u00e9 M12\u2122 pour femme &#8211; Noir"},"content":{"rendered":"<p>M12 HHLBL1-0XL FELPATERM.CAPPUC DON BLACK<br \/>\nSweat \u00e0 capuche chauffant M12\u2122 pour femme, aliment\u00e9 par une batterie M12\u2122 avec des \u00e9l\u00e9ments chauffants en fibre de carbone. Cr\u00e9e et distribue de la chaleur sur la poitrine et le dos;Autonomie sup\u00e9rieure, jusqu&#8217;\u00e0 11 heures de chaleur avec une seule charge de la batterie M12\u2122 12V REDLITHIUM\u2122 3 Ah (niveau minimum);Poche cach\u00e9e pour la batterie, optimis\u00e9e pour positionner la batterie M12\u2122 \u00e0 l&#8217;avant ou \u00e0 l&#8217;arri\u00e8re pour plus de confort;Sweat \u00e0 capuche chauffant robuste, fabriqu\u00e9 en coton durable (53%) \u00e0 l&#8217;ext\u00e9rieur avec des poches renforc\u00e9es r\u00e9sistantes et une doublure en polaire polyester (47%);En automne et au printemps, le sweat \u00e0 capuche peut \u00eatre port\u00e9 par-dessus un tee-shirt. En hiver, il est sugg\u00e9r\u00e9 comme couche de base, directement sur la peau, ce qui te permet de r\u00e9duire les sous-v\u00eatements encombrants et de conserver la chaleur pr\u00e8s du corps;3 zones chauffantes multiples en fibre de carbone, r\u00e9partissent la chaleur sur les zones centrales du corps;Bouton de r\u00e9glage de la chaleur facile \u00e0 actionner en une seule touche, 3 niveaux de chaleur : \u00e9lev\u00e9, moyen, faible;Poche int\u00e9gr\u00e9e pour t\u00e9l\u00e9phone portable;Lavable en machine et s\u00e9chable en machine;Support de batterie inclus;Syst\u00e8me de batterie flexible : fonctionne avec toutes les batteries Milwaukee.  <\/p>\n<p>4932480093<br \/>\n4058546403782<\/p>\n","protected":false},"excerpt":{"rendered":"<p>M12 HHLBL1-0XL FELPATERM.CAPPUC DON BLACK Sweat \u00e0 capuche chauffant M12\u2122 pour femme, aliment\u00e9 par une batterie M12\u2122 avec des \u00e9l\u00e9ments<\/p>\n","protected":false},"featured_media":546712,"template":"","meta":{"_seopress_robots_primary_cat":"none","_seopress_titles_title":"","_seopress_titles_desc":"","_seopress_robots_index":""},"product_brand":[3658],"product_cat":[81,1381,1387],"product_tag":[],"class_list":{"0":"post-605618","1":"product","2":"type-product","3":"status-publish","4":"has-post-thumbnail","6":"product_brand-milwaukee-fr","7":"product_cat-vetements","8":"product_cat-vetements-de-travail","9":"product_cat-vetements-pour-femmes","10":"sws-gruppo-abb-libero-fr","11":"sws-conto-ricavi-merci-rivendita-abbigliamento-fr","12":"sws-gruppo-iva-iva81-fr","14":"first","15":"instock","16":"shipping-taxable","17":"purchasable","18":"product-type-variable","19":"has-default-attributes"},"_links":{"self":[{"href":"https:\/\/lucacastelli.com\/fr\/wp-json\/wp\/v2\/product\/605618","targetHints":{"allow":["GET"]}}],"collection":[{"href":"https:\/\/lucacastelli.com\/fr\/wp-json\/wp\/v2\/product"}],"about":[{"href":"https:\/\/lucacastelli.com\/fr\/wp-json\/wp\/v2\/types\/product"}],"wp:featuredmedia":[{"embeddable":true,"href":"https:\/\/lucacastelli.com\/fr\/wp-json\/wp\/v2\/media\/546712"}],"wp:attachment":[{"href":"https:\/\/lucacastelli.com\/fr\/wp-json\/wp\/v2\/media?parent=605618"}],"wp:term":[{"taxonomy":"product_brand","embeddable":true,"href":"https:\/\/lucacastelli.com\/fr\/wp-json\/wp\/v2\/product_brand?post=605618"},{"taxonomy":"product_cat","embeddable":true,"href":"https:\/\/lucacastelli.com\/fr\/wp-json\/wp\/v2\/product_cat?post=605618"},{"taxonomy":"product_tag","embeddable":true,"href":"https:\/\/lucacastelli.com\/fr\/wp-json\/wp\/v2\/product_tag?post=605618"}],"curies":[{"name":"wp","href":"https:\/\/api.w.org\/{rel}","templated":true}]}}