{"id":605606,"date":"2025-08-12T18:32:57","date_gmt":"2025-08-12T16:32:57","guid":{"rendered":"https:\/\/lucacastelli.com\/prodotto\/milwaukee-workskin-chemise-de-travail-a-manches-courtes\/"},"modified":"2025-08-12T18:32:57","modified_gmt":"2025-08-12T16:32:57","slug":"milwaukee-workskin-chemise-de-travail-a-manches-courtes","status":"publish","type":"product","link":"https:\/\/lucacastelli.com\/fr\/produit\/milwaukee-workskin-chemise-de-travail-a-manches-courtes\/","title":{"rendered":"MILWAUKEE WORKSKIN CHEMISE DE TRAVAIL \u00c0 MANCHES COURTES."},"content":{"rendered":"<p>WWSSG-XXL_Clothing<br \/>\nLes tissus COOLCORE\u00ae utilisent une construction \u00e0 trois fils qui permet \u00e0 l&#8217;humidit\u00e9 de s&#8217;\u00e9chapper, ce qui garde le v\u00eatement jusqu&#8217;\u00e0 30 % plus frais;Zones respirantes le long du dos et sous les bras pour un s\u00e9chage rapide de la sueur ;Tissu respirant sans utilisation de produits chimiques;Filtre les rayons ultraviolets;Mat\u00e9riau durable;Ourlet inf\u00e9rieur con\u00e7u pour une couverture maximale;\u00c9paules sans couture pour une mobilit\u00e9 et un confort maximum;100% Polyester<\/p>\n<p>4933478198<br \/>\n4058546341312<\/p>\n","protected":false},"excerpt":{"rendered":"<p>WWSSG-XXL_Clothing Les tissus COOLCORE\u00ae utilisent une construction \u00e0 trois fils qui permet \u00e0 l&#8217;humidit\u00e9 de s&#8217;\u00e9chapper, ce qui garde le<\/p>\n","protected":false},"featured_media":577063,"template":"","meta":{"_seopress_robots_primary_cat":"","_seopress_titles_title":"","_seopress_titles_desc":"","_seopress_robots_index":""},"product_brand":[3407],"product_cat":[21,284],"product_tag":[],"class_list":{"0":"post-605606","1":"product","2":"type-product","3":"status-publish","4":"has-post-thumbnail","6":"product_brand-milwaukee","7":"product_cat-abbigliamento","8":"product_cat-abbigliamento-da-lavoro","9":"sws-gruppo-abb-libero-fr","10":"sws-conto-ricavi-merci-rivendita-abbigliamento-fr","11":"sws-gruppo-iva-iva81-fr","13":"first","14":"instock","15":"shipping-taxable","16":"purchasable","17":"product-type-variable"},"_links":{"self":[{"href":"https:\/\/lucacastelli.com\/fr\/wp-json\/wp\/v2\/product\/605606","targetHints":{"allow":["GET"]}}],"collection":[{"href":"https:\/\/lucacastelli.com\/fr\/wp-json\/wp\/v2\/product"}],"about":[{"href":"https:\/\/lucacastelli.com\/fr\/wp-json\/wp\/v2\/types\/product"}],"wp:featuredmedia":[{"embeddable":true,"href":"https:\/\/lucacastelli.com\/fr\/wp-json\/wp\/v2\/media\/577063"}],"wp:attachment":[{"href":"https:\/\/lucacastelli.com\/fr\/wp-json\/wp\/v2\/media?parent=605606"}],"wp:term":[{"taxonomy":"product_brand","embeddable":true,"href":"https:\/\/lucacastelli.com\/fr\/wp-json\/wp\/v2\/product_brand?post=605606"},{"taxonomy":"product_cat","embeddable":true,"href":"https:\/\/lucacastelli.com\/fr\/wp-json\/wp\/v2\/product_cat?post=605606"},{"taxonomy":"product_tag","embeddable":true,"href":"https:\/\/lucacastelli.com\/fr\/wp-json\/wp\/v2\/product_tag?post=605606"}],"curies":[{"name":"wp","href":"https:\/\/api.w.org\/{rel}","templated":true}]}}