{"id":605576,"date":"2025-08-12T18:30:52","date_gmt":"2025-08-12T16:30:52","guid":{"rendered":"https:\/\/lucacastelli.com\/prodotto\/gants-resistants-aux-coupures-milwaukee\/"},"modified":"2025-08-12T18:30:52","modified_gmt":"2025-08-12T16:30:52","slug":"gants-resistants-aux-coupures-milwaukee","status":"publish","type":"product","link":"https:\/\/lucacastelli.com\/fr\/produit\/gants-resistants-aux-coupures-milwaukee\/","title":{"rendered":"Gants r\u00e9sistants aux coupures Milwaukee"},"content":{"rendered":"<p>GANTS PRO CAT. TAILLE D &#8211; 10\/XL &#8211; 1paire<br \/>\nLe rembourrage en mousse sur la paume offre un confort suppl\u00e9mentaire;Finesse du fil 18 aiguilles pour une meilleure dext\u00e9rit\u00e9 de la main;Protection des articulations : le rembourrage en TPR offre une protection des articulations;Enduction nitrile renforc\u00e9e entre le pouce et les doigts et r\u00e9sistance accrue \u00e0 la perforation pour plus de durabilit\u00e9;SMARTSWIPE\u2122 sur la paume et le bout des doigts : permet d&#8217;utiliser les appareils \u00e0 \u00e9cran tactile sans avoir \u00e0 retirer les gants;Certification europ\u00e9enne pour la protection contre les coupures : EN ISO 21420. EN388:2016 (4X42D), EN 407 (X1XXXX).  <\/p>\n<p>4932498504<br \/>\n4058546523732<\/p>\n","protected":false},"excerpt":{"rendered":"<p>GANTS PRO CAT. TAILLE D &#8211; 10\/XL &#8211; 1paire Le rembourrage en mousse sur la paume offre un confort suppl\u00e9mentaire;Finesse<\/p>\n","protected":false},"featured_media":589520,"template":"","meta":{"_seopress_robots_primary_cat":"","_seopress_titles_title":"","_seopress_titles_desc":"","_seopress_robots_index":""},"product_brand":[3407],"product_cat":[21,284],"product_tag":[],"class_list":{"0":"post-605576","1":"product","2":"type-product","3":"status-publish","4":"has-post-thumbnail","6":"product_brand-milwaukee","7":"product_cat-abbigliamento","8":"product_cat-abbigliamento-da-lavoro","9":"sws-gruppo-abb-libero-fr","10":"sws-conto-ricavi-merci-rivendita-abbigliamento-fr","11":"sws-gruppo-iva-iva81-fr","13":"first","14":"instock","15":"shipping-taxable","16":"purchasable","17":"product-type-variable"},"_links":{"self":[{"href":"https:\/\/lucacastelli.com\/fr\/wp-json\/wp\/v2\/product\/605576","targetHints":{"allow":["GET"]}}],"collection":[{"href":"https:\/\/lucacastelli.com\/fr\/wp-json\/wp\/v2\/product"}],"about":[{"href":"https:\/\/lucacastelli.com\/fr\/wp-json\/wp\/v2\/types\/product"}],"wp:featuredmedia":[{"embeddable":true,"href":"https:\/\/lucacastelli.com\/fr\/wp-json\/wp\/v2\/media\/589520"}],"wp:attachment":[{"href":"https:\/\/lucacastelli.com\/fr\/wp-json\/wp\/v2\/media?parent=605576"}],"wp:term":[{"taxonomy":"product_brand","embeddable":true,"href":"https:\/\/lucacastelli.com\/fr\/wp-json\/wp\/v2\/product_brand?post=605576"},{"taxonomy":"product_cat","embeddable":true,"href":"https:\/\/lucacastelli.com\/fr\/wp-json\/wp\/v2\/product_cat?post=605576"},{"taxonomy":"product_tag","embeddable":true,"href":"https:\/\/lucacastelli.com\/fr\/wp-json\/wp\/v2\/product_tag?post=605576"}],"curies":[{"name":"wp","href":"https:\/\/api.w.org\/{rel}","templated":true}]}}