{"id":605539,"date":"2025-08-12T18:23:11","date_gmt":"2025-08-12T16:23:11","guid":{"rendered":"https:\/\/lucacastelli.com\/prodotto\/milwaukee-workskin-chemise-de-travail-a-manches-longues-jaune\/"},"modified":"2025-08-12T18:23:11","modified_gmt":"2025-08-12T16:23:11","slug":"milwaukee-workskin-chemise-de-travail-a-manches-longues-jaune","status":"publish","type":"product","link":"https:\/\/lucacastelli.com\/fr\/produit\/milwaukee-workskin-chemise-de-travail-a-manches-longues-jaune\/","title":{"rendered":"MILWAUKEE WORKSKIN CHEMISE DE TRAVAIL \u00c0 MANCHES LONGUES &#8211; JAUNE"},"content":{"rendered":"<p>WWLSG-XXL_Clothing<br \/>\nLes tissus COOLCORE\u00ae utilisent une construction \u00e0 trois fils qui permet \u00e0 l&#8217;humidit\u00e9 de s&#8217;\u00e9chapper, ce qui garde le v\u00eatement jusqu&#8217;\u00e0 30 % plus frais;Zones respirantes le long du dos et sous les bras pour un s\u00e9chage rapide ;Tissu respirant sans produits chimiques;Filtre les rayons ultraviolets;Mat\u00e9riau durable;Ourlet du bas con\u00e7u pour une couverture maximale;\u00c9paules sans couture pour une mobilit\u00e9 et un confort maximum;100% Polyester<\/p>\n<p>4933478192<br \/>\n4058546341251<\/p>\n","protected":false},"excerpt":{"rendered":"<p>WWLSG-XXL_Clothing Les tissus COOLCORE\u00ae utilisent une construction \u00e0 trois fils qui permet \u00e0 l&#8217;humidit\u00e9 de s&#8217;\u00e9chapper, ce qui garde le<\/p>\n","protected":false},"featured_media":604492,"template":"","meta":{"_seopress_robots_primary_cat":"","_seopress_titles_title":"","_seopress_titles_desc":"","_seopress_robots_index":""},"product_brand":[3658],"product_cat":[81,1381],"product_tag":[],"class_list":{"0":"post-605539","1":"product","2":"type-product","3":"status-publish","4":"has-post-thumbnail","6":"product_brand-milwaukee-fr","7":"product_cat-vetements","8":"product_cat-vetements-de-travail","9":"sws-gruppo-abb-libero-fr","10":"sws-conto-ricavi-merci-rivendita-abbigliamento-fr","11":"sws-gruppo-iva-iva81-fr","13":"first","14":"instock","15":"shipping-taxable","16":"purchasable","17":"product-type-variable","18":"has-default-attributes"},"_links":{"self":[{"href":"https:\/\/lucacastelli.com\/fr\/wp-json\/wp\/v2\/product\/605539","targetHints":{"allow":["GET"]}}],"collection":[{"href":"https:\/\/lucacastelli.com\/fr\/wp-json\/wp\/v2\/product"}],"about":[{"href":"https:\/\/lucacastelli.com\/fr\/wp-json\/wp\/v2\/types\/product"}],"wp:featuredmedia":[{"embeddable":true,"href":"https:\/\/lucacastelli.com\/fr\/wp-json\/wp\/v2\/media\/604492"}],"wp:attachment":[{"href":"https:\/\/lucacastelli.com\/fr\/wp-json\/wp\/v2\/media?parent=605539"}],"wp:term":[{"taxonomy":"product_brand","embeddable":true,"href":"https:\/\/lucacastelli.com\/fr\/wp-json\/wp\/v2\/product_brand?post=605539"},{"taxonomy":"product_cat","embeddable":true,"href":"https:\/\/lucacastelli.com\/fr\/wp-json\/wp\/v2\/product_cat?post=605539"},{"taxonomy":"product_tag","embeddable":true,"href":"https:\/\/lucacastelli.com\/fr\/wp-json\/wp\/v2\/product_tag?post=605539"}],"curies":[{"name":"wp","href":"https:\/\/api.w.org\/{rel}","templated":true}]}}