{"id":605538,"date":"2025-08-12T18:37:08","date_gmt":"2025-08-12T16:37:08","guid":{"rendered":"https:\/\/lucacastelli.com\/prodotto\/milwaukee-gants-enduits-de-nitrile-coupe-cat-d\/"},"modified":"2025-08-12T18:37:08","modified_gmt":"2025-08-12T16:37:08","slug":"milwaukee-gants-enduits-de-nitrile-coupe-cat-d","status":"publish","type":"product","link":"https:\/\/lucacastelli.com\/fr\/produit\/milwaukee-gants-enduits-de-nitrile-coupe-cat-d\/","title":{"rendered":"Milwaukee Gants enduits de nitrile Coupe cat. D"},"content":{"rendered":"<p>NIVEAU DE COUPE 4\/D GANTS XXL\/11 GANTS 1PC<br \/>\nExcellente performance de pr\u00e9hension, le mat\u00e9riau nitrile est plus performant que les autres mat\u00e9riaux avec les surfaces huileuses ou les mat\u00e9riaux humides;Renforcement en nitrile entre le pouce et l&#8217;index au point de plus grande usure et r\u00e9sistance sup\u00e9rieure \u00e0 la perforation pour une durabilit\u00e9 accrue;Con\u00e7u pour un confort maximal gr\u00e2ce \u00e0 la doublure hautement respirante;La paume et le bout des doigts SMARTSWIPE\u2122 permettent d&#8217;utiliser des appareils \u00e0 \u00e9cran tactile sans retirer les gants;Certification europ\u00e9enne pour la protection m\u00e9canique : EN ISO 21420, EN388:2016 (4X43D)<\/p>\n<p>4932479915<br \/>\n4058546377090<\/p>\n","protected":false},"excerpt":{"rendered":"<p>NIVEAU DE COUPE 4\/D GANTS XXL\/11 GANTS 1PC Excellente performance de pr\u00e9hension, le mat\u00e9riau nitrile est plus performant que les<\/p>\n","protected":false},"featured_media":604511,"template":"","meta":{"_seopress_robots_primary_cat":"","_seopress_titles_title":"","_seopress_titles_desc":"","_seopress_robots_index":""},"product_brand":[3658],"product_cat":[81,1381],"product_tag":[],"class_list":{"0":"post-605538","1":"product","2":"type-product","3":"status-publish","4":"has-post-thumbnail","6":"product_brand-milwaukee-fr","7":"product_cat-vetements","8":"product_cat-vetements-de-travail","9":"sws-gruppo-abb-libero-fr","10":"sws-conto-ricavi-merci-rivendita-abbigliamento-fr","11":"sws-gruppo-iva-iva81-fr","13":"first","14":"instock","15":"shipping-taxable","16":"purchasable","17":"product-type-variable"},"_links":{"self":[{"href":"https:\/\/lucacastelli.com\/fr\/wp-json\/wp\/v2\/product\/605538","targetHints":{"allow":["GET"]}}],"collection":[{"href":"https:\/\/lucacastelli.com\/fr\/wp-json\/wp\/v2\/product"}],"about":[{"href":"https:\/\/lucacastelli.com\/fr\/wp-json\/wp\/v2\/types\/product"}],"wp:featuredmedia":[{"embeddable":true,"href":"https:\/\/lucacastelli.com\/fr\/wp-json\/wp\/v2\/media\/604511"}],"wp:attachment":[{"href":"https:\/\/lucacastelli.com\/fr\/wp-json\/wp\/v2\/media?parent=605538"}],"wp:term":[{"taxonomy":"product_brand","embeddable":true,"href":"https:\/\/lucacastelli.com\/fr\/wp-json\/wp\/v2\/product_brand?post=605538"},{"taxonomy":"product_cat","embeddable":true,"href":"https:\/\/lucacastelli.com\/fr\/wp-json\/wp\/v2\/product_cat?post=605538"},{"taxonomy":"product_tag","embeddable":true,"href":"https:\/\/lucacastelli.com\/fr\/wp-json\/wp\/v2\/product_tag?post=605538"}],"curies":[{"name":"wp","href":"https:\/\/api.w.org\/{rel}","templated":true}]}}