{"id":605525,"date":"2025-08-12T18:18:45","date_gmt":"2025-08-12T16:18:45","guid":{"rendered":"https:\/\/lucacastelli.com\/prodotto\/milwaukee-softshell-avec-capuche-freeflex-noir\/"},"modified":"2025-08-12T18:18:45","modified_gmt":"2025-08-12T16:18:45","slug":"milwaukee-softshell-avec-capuche-freeflex-noir","status":"publish","type":"product","link":"https:\/\/lucacastelli.com\/fr\/produit\/milwaukee-softshell-avec-capuche-freeflex-noir\/","title":{"rendered":"Milwaukee Softshell avec capuche FREEFLEX\u2122 Noir"},"content":{"rendered":"<p>Veste \u00e0 capuche Freeflex Softshell Blk XXL<br \/>\nFREEFLEX\u2122 Mobility D\u00e9velopp\u00e9 pour bouger librement pendant le travail, avec un tissu extensible dans les deux sens pour une libert\u00e9 de mouvement totale lorsque tu travailles au-dessus de la hauteur de la t\u00eate;Mat\u00e9riaux coupe-vent et d\u00e9perlants : Construit pour prot\u00e9ger contre les changements de temps sur le chantier;Doublure en polaire bross\u00e9e : Fournit la chaleur n\u00e9cessaire pour travailler t\u00f4t le matin sans t&#8217;alourdir;Cordons de serrage cach\u00e9s : Ne d\u00e9range pas lors de la coupe;Conception renforc\u00e9e \u00e0 3 poches avec double couture Permet de ranger des outils suppl\u00e9mentaires et d&#8217;augmenter la fonctionnalit\u00e9;Bretelles durables en tricot c\u00f4tel\u00e9 : Les bretelles \u00e9lastiques confortables prot\u00e8gent du vent et peuvent \u00eatre port\u00e9es facilement, m\u00eame sans gants.<\/p>\n<p>4932498275<br \/>\n4058546521448<\/p>\n","protected":false},"excerpt":{"rendered":"<p>Veste \u00e0 capuche Freeflex Softshell Blk XXL FREEFLEX\u2122 Mobility D\u00e9velopp\u00e9 pour bouger librement pendant le travail, avec un tissu extensible<\/p>\n","protected":false},"featured_media":604488,"template":"","meta":{"_seopress_robots_primary_cat":"none","_seopress_titles_title":"","_seopress_titles_desc":"","_seopress_robots_index":""},"product_brand":[3658],"product_cat":[81,1381],"product_tag":[],"class_list":{"0":"post-605525","1":"product","2":"type-product","3":"status-publish","4":"has-post-thumbnail","6":"product_brand-milwaukee-fr","7":"product_cat-vetements","8":"product_cat-vetements-de-travail","9":"sws-gruppo-abb-libero-fr","10":"sws-conto-ricavi-merci-rivendita-abbigliamento-fr","11":"sws-gruppo-iva-iva81-fr","13":"first","14":"instock","15":"shipping-taxable","16":"purchasable","17":"product-type-variable","18":"has-default-attributes"},"_links":{"self":[{"href":"https:\/\/lucacastelli.com\/fr\/wp-json\/wp\/v2\/product\/605525","targetHints":{"allow":["GET"]}}],"collection":[{"href":"https:\/\/lucacastelli.com\/fr\/wp-json\/wp\/v2\/product"}],"about":[{"href":"https:\/\/lucacastelli.com\/fr\/wp-json\/wp\/v2\/types\/product"}],"wp:featuredmedia":[{"embeddable":true,"href":"https:\/\/lucacastelli.com\/fr\/wp-json\/wp\/v2\/media\/604488"}],"wp:attachment":[{"href":"https:\/\/lucacastelli.com\/fr\/wp-json\/wp\/v2\/media?parent=605525"}],"wp:term":[{"taxonomy":"product_brand","embeddable":true,"href":"https:\/\/lucacastelli.com\/fr\/wp-json\/wp\/v2\/product_brand?post=605525"},{"taxonomy":"product_cat","embeddable":true,"href":"https:\/\/lucacastelli.com\/fr\/wp-json\/wp\/v2\/product_cat?post=605525"},{"taxonomy":"product_tag","embeddable":true,"href":"https:\/\/lucacastelli.com\/fr\/wp-json\/wp\/v2\/product_tag?post=605525"}],"curies":[{"name":"wp","href":"https:\/\/api.w.org\/{rel}","templated":true}]}}