{"id":605478,"date":"2025-07-17T19:43:17","date_gmt":"2025-07-17T17:43:17","guid":{"rendered":"https:\/\/lucacastelli.com\/prodotto\/niveau-a-bulle-milwaukee-serie-compact-4\/"},"modified":"2025-07-17T19:43:17","modified_gmt":"2025-07-17T17:43:17","slug":"niveau-a-bulle-milwaukee-serie-compact-4","status":"publish","type":"product","link":"https:\/\/lucacastelli.com\/fr\/produit\/niveau-a-bulle-milwaukee-serie-compact-4\/","title":{"rendered":"Niveau \u00e0 bulle Milwaukee &#8211; S\u00e9rie COMPACT"},"content":{"rendered":"<p>La technologie des fioles SHARPSITE\u2122 am\u00e9liore la lisibilit\u00e9;Ch\u00e2ssis compact et durable;Surface frais\u00e9e offrant une pr\u00e9cision de mesure maximale;Zone de fiole \u00e0 contraste \u00e9lev\u00e9 et facile \u00e0 nettoyer pour une meilleure visibilit\u00e9;Pr\u00e9cision de 0,029\u00b0 (0,0005 Zoll\/in, 0,5 mm\/m) en position standard;Embouts en caoutchouc pour absorber les chocs.<\/p>\n","protected":false},"excerpt":{"rendered":"<p>La technologie des fioles SHARPSITE\u2122 am\u00e9liore la lisibilit\u00e9;Ch\u00e2ssis compact et durable;Surface frais\u00e9e offrant une pr\u00e9cision de mesure maximale;Zone de fiole<\/p>\n","protected":false},"featured_media":498718,"template":"","meta":{"_seopress_robots_primary_cat":"","_seopress_titles_title":"","_seopress_titles_desc":"","_seopress_robots_index":""},"product_brand":[3407],"product_cat":[29,551],"product_tag":[3270],"class_list":{"0":"post-605478","1":"product","2":"type-product","3":"status-publish","4":"has-post-thumbnail","6":"product_brand-milwaukee","7":"product_cat-macchinari","8":"product_cat-apparecchi-di-misurazione","9":"product_tag-import-milwau","10":"sws-gruppo-macchinari-fr","11":"sws-conto-ricavi-merci-rivendita-macchinari-fr","12":"sws-gruppo-iva-iva81-fr","14":"first","15":"onbackorder","16":"sale","17":"shipping-taxable","18":"purchasable","19":"product-type-simple"},"_links":{"self":[{"href":"https:\/\/lucacastelli.com\/fr\/wp-json\/wp\/v2\/product\/605478","targetHints":{"allow":["GET"]}}],"collection":[{"href":"https:\/\/lucacastelli.com\/fr\/wp-json\/wp\/v2\/product"}],"about":[{"href":"https:\/\/lucacastelli.com\/fr\/wp-json\/wp\/v2\/types\/product"}],"wp:featuredmedia":[{"embeddable":true,"href":"https:\/\/lucacastelli.com\/fr\/wp-json\/wp\/v2\/media\/498718"}],"wp:attachment":[{"href":"https:\/\/lucacastelli.com\/fr\/wp-json\/wp\/v2\/media?parent=605478"}],"wp:term":[{"taxonomy":"product_brand","embeddable":true,"href":"https:\/\/lucacastelli.com\/fr\/wp-json\/wp\/v2\/product_brand?post=605478"},{"taxonomy":"product_cat","embeddable":true,"href":"https:\/\/lucacastelli.com\/fr\/wp-json\/wp\/v2\/product_cat?post=605478"},{"taxonomy":"product_tag","embeddable":true,"href":"https:\/\/lucacastelli.com\/fr\/wp-json\/wp\/v2\/product_tag?post=605478"}],"curies":[{"name":"wp","href":"https:\/\/api.w.org\/{rel}","templated":true}]}}