{"id":605450,"date":"2025-07-17T19:43:04","date_gmt":"2025-07-17T17:43:04","guid":{"rendered":"https:\/\/lucacastelli.com\/prodotto\/niveau-torpille-compact-milwaukee\/"},"modified":"2025-07-17T19:43:04","modified_gmt":"2025-07-17T17:43:04","slug":"niveau-torpille-compact-milwaukee","status":"publish","type":"product","link":"https:\/\/lucacastelli.com\/fr\/produit\/niveau-torpille-compact-milwaukee\/","title":{"rendered":"Niveau torpille compact Milwaukee"},"content":{"rendered":"<p>Aimants en terres rares amplifi\u00e9s pour une r\u00e9sistance magn\u00e9tique accrue;Grande visibilit\u00e9 de la bulle avec indication de la pente;Fiole en acrylique renforc\u00e9 offrant une durabilit\u00e9 et une lisibilit\u00e9 maximales;Boucle de compensation pour une mesure facile sur les joints de tuyaux soud\u00e9s;Conception optimis\u00e9e en forme de V pour une stabilit\u00e9 maximale sur les tuyaux non ferreux;\u00c9chelle m\u00e9trique imprim\u00e9e au laser pour une mesure facile du mat\u00e9riau;Conception compacte et effil\u00e9e pour un rangement facile dans les poches et les bo\u00eetes \u00e0 outils.<\/p>\n","protected":false},"excerpt":{"rendered":"<p>Aimants en terres rares amplifi\u00e9s pour une r\u00e9sistance magn\u00e9tique accrue;Grande visibilit\u00e9 de la bulle avec indication de la pente;Fiole en<\/p>\n","protected":false},"featured_media":498842,"template":"","meta":{"_seopress_robots_primary_cat":"","_seopress_titles_title":"","_seopress_titles_desc":"","_seopress_robots_index":""},"product_brand":[3407],"product_cat":[29,551],"product_tag":[3270],"class_list":{"0":"post-605450","1":"product","2":"type-product","3":"status-publish","4":"has-post-thumbnail","6":"product_brand-milwaukee","7":"product_cat-macchinari","8":"product_cat-apparecchi-di-misurazione","9":"product_tag-import-milwau","10":"sws-gruppo-macchinari-fr","11":"sws-conto-ricavi-merci-rivendita-macchinari-fr","12":"sws-gruppo-iva-iva81-fr","14":"first","15":"onbackorder","16":"sale","17":"shipping-taxable","18":"purchasable","19":"product-type-simple"},"_links":{"self":[{"href":"https:\/\/lucacastelli.com\/fr\/wp-json\/wp\/v2\/product\/605450","targetHints":{"allow":["GET"]}}],"collection":[{"href":"https:\/\/lucacastelli.com\/fr\/wp-json\/wp\/v2\/product"}],"about":[{"href":"https:\/\/lucacastelli.com\/fr\/wp-json\/wp\/v2\/types\/product"}],"wp:featuredmedia":[{"embeddable":true,"href":"https:\/\/lucacastelli.com\/fr\/wp-json\/wp\/v2\/media\/498842"}],"wp:attachment":[{"href":"https:\/\/lucacastelli.com\/fr\/wp-json\/wp\/v2\/media?parent=605450"}],"wp:term":[{"taxonomy":"product_brand","embeddable":true,"href":"https:\/\/lucacastelli.com\/fr\/wp-json\/wp\/v2\/product_brand?post=605450"},{"taxonomy":"product_cat","embeddable":true,"href":"https:\/\/lucacastelli.com\/fr\/wp-json\/wp\/v2\/product_cat?post=605450"},{"taxonomy":"product_tag","embeddable":true,"href":"https:\/\/lucacastelli.com\/fr\/wp-json\/wp\/v2\/product_tag?post=605450"}],"curies":[{"name":"wp","href":"https:\/\/api.w.org\/{rel}","templated":true}]}}