{"id":605445,"date":"2025-07-17T19:43:05","date_gmt":"2025-07-17T17:43:05","guid":{"rendered":"https:\/\/lucacastelli.com\/prodotto\/niveau-a-bulle-milwaukee-serie-slim\/"},"modified":"2025-07-17T19:43:05","modified_gmt":"2025-07-17T17:43:05","slug":"niveau-a-bulle-milwaukee-serie-slim","status":"publish","type":"product","link":"https:\/\/lucacastelli.com\/fr\/produit\/niveau-a-bulle-milwaukee-serie-slim\/","title":{"rendered":"Niveau \u00e0 bulle Milwaukee &#8211; S\u00e9rie SLIM"},"content":{"rendered":"<p>2 flacons en acrylique, pour une r\u00e9sistance maximale aux chocs et aux UV;La surface frais\u00e9e jusqu&#8217;\u00e0 120cm garantit une pr\u00e9cision maximale;Bouchons en caoutchouc anti-chocs;La poign\u00e9e antid\u00e9rapante emp\u00eache le niveau \u00e0 bulle de glisser pendant la mesure;Trou robuste pour un rangement facile;Degr\u00e9 de pr\u00e9cision certifi\u00e9 ind\u00e9pendamment (VPA);Pr\u00e9cision 0,029\u00b0( 0,0005Zoll\/in, 0,5mm\/M) en position standard.<\/p>\n","protected":false},"excerpt":{"rendered":"<p>2 flacons en acrylique, pour une r\u00e9sistance maximale aux chocs et aux UV;La surface frais\u00e9e jusqu&#8217;\u00e0 120cm garantit une pr\u00e9cision<\/p>\n","protected":false},"featured_media":498759,"template":"","meta":{"_seopress_robots_primary_cat":"","_seopress_titles_title":"","_seopress_titles_desc":"","_seopress_robots_index":""},"product_brand":[3658],"product_cat":[1471,167],"product_tag":[3273],"class_list":{"0":"post-605445","1":"product","2":"type-product","3":"status-publish","4":"has-post-thumbnail","6":"product_brand-milwaukee-fr","7":"product_cat-appareils-de-mesure","8":"product_cat-machines","9":"product_tag-import-milwau-fr","10":"sws-gruppo-macchinari-fr","11":"sws-conto-ricavi-merci-rivendita-macchinari-fr","12":"sws-gruppo-iva-iva81-fr","14":"first","15":"onbackorder","16":"sale","17":"shipping-taxable","18":"purchasable","19":"product-type-simple"},"_links":{"self":[{"href":"https:\/\/lucacastelli.com\/fr\/wp-json\/wp\/v2\/product\/605445","targetHints":{"allow":["GET"]}}],"collection":[{"href":"https:\/\/lucacastelli.com\/fr\/wp-json\/wp\/v2\/product"}],"about":[{"href":"https:\/\/lucacastelli.com\/fr\/wp-json\/wp\/v2\/types\/product"}],"wp:featuredmedia":[{"embeddable":true,"href":"https:\/\/lucacastelli.com\/fr\/wp-json\/wp\/v2\/media\/498759"}],"wp:attachment":[{"href":"https:\/\/lucacastelli.com\/fr\/wp-json\/wp\/v2\/media?parent=605445"}],"wp:term":[{"taxonomy":"product_brand","embeddable":true,"href":"https:\/\/lucacastelli.com\/fr\/wp-json\/wp\/v2\/product_brand?post=605445"},{"taxonomy":"product_cat","embeddable":true,"href":"https:\/\/lucacastelli.com\/fr\/wp-json\/wp\/v2\/product_cat?post=605445"},{"taxonomy":"product_tag","embeddable":true,"href":"https:\/\/lucacastelli.com\/fr\/wp-json\/wp\/v2\/product_tag?post=605445"}],"curies":[{"name":"wp","href":"https:\/\/api.w.org\/{rel}","templated":true}]}}