{"id":605442,"date":"2025-07-17T19:38:48","date_gmt":"2025-07-17T17:38:48","guid":{"rendered":"https:\/\/lucacastelli.com\/prodotto\/perceuses-sds-plus-milwaukee-avec-aspiration-de-la-poussiere-3\/"},"modified":"2025-07-17T19:38:48","modified_gmt":"2025-07-17T17:38:48","slug":"perceuses-sds-plus-milwaukee-avec-aspiration-de-la-poussiere-3","status":"publish","type":"product","link":"https:\/\/lucacastelli.com\/fr\/produit\/perceuses-sds-plus-milwaukee-avec-aspiration-de-la-poussiere-3\/","title":{"rendered":"Perceuses SDS-Plus Milwaukee avec aspiration de la poussi\u00e8re"},"content":{"rendered":"<p>Perceuse d\u00e9poussi\u00e9reuse efficace et rapide;Per\u00e7age efficace sans poussi\u00e8re pour un environnement de travail propre et s\u00fbr;La t\u00eate de la perceuse refroidit rapidement pour une dur\u00e9e de vie plus longue;La conception de la t\u00eate \u00e0 4 fraises emp\u00eache la perceuse de se bloquer en pr\u00e9sence de barres d&#8217;armature;Pr\u00e9cision maximale des trous et maintien des chevilles, conforme \u00e0 la norme PGM;Attache universelle convenant \u00e0 la plupart des aspirateurs avec un tuyau de 32 \u00e0 38 mm.<\/p>\n","protected":false},"excerpt":{"rendered":"<p>Perceuse d\u00e9poussi\u00e9reuse efficace et rapide;Per\u00e7age efficace sans poussi\u00e8re pour un environnement de travail propre et s\u00fbr;La t\u00eate de la perceuse<\/p>\n","protected":false},"featured_media":498965,"template":"","meta":{"_seopress_robots_primary_cat":"","_seopress_titles_title":"","_seopress_titles_desc":"","_seopress_robots_index":""},"product_brand":[3407],"product_cat":[29,549,550],"product_tag":[3270],"class_list":{"0":"post-605442","1":"product","2":"type-product","3":"status-publish","4":"has-post-thumbnail","6":"product_brand-milwaukee","7":"product_cat-macchinari","8":"product_cat-trapani-e-avvitatori","9":"product_cat-accessori-per-trapani-ed-avvitatori","10":"product_tag-import-milwau","11":"sws-gruppo-macchinari-fr","12":"sws-conto-ricavi-merci-rivendita-macchinari-fr","13":"sws-gruppo-iva-iva81-fr","15":"first","16":"onbackorder","17":"sale","18":"shipping-taxable","19":"purchasable","20":"product-type-simple"},"_links":{"self":[{"href":"https:\/\/lucacastelli.com\/fr\/wp-json\/wp\/v2\/product\/605442","targetHints":{"allow":["GET"]}}],"collection":[{"href":"https:\/\/lucacastelli.com\/fr\/wp-json\/wp\/v2\/product"}],"about":[{"href":"https:\/\/lucacastelli.com\/fr\/wp-json\/wp\/v2\/types\/product"}],"wp:featuredmedia":[{"embeddable":true,"href":"https:\/\/lucacastelli.com\/fr\/wp-json\/wp\/v2\/media\/498965"}],"wp:attachment":[{"href":"https:\/\/lucacastelli.com\/fr\/wp-json\/wp\/v2\/media?parent=605442"}],"wp:term":[{"taxonomy":"product_brand","embeddable":true,"href":"https:\/\/lucacastelli.com\/fr\/wp-json\/wp\/v2\/product_brand?post=605442"},{"taxonomy":"product_cat","embeddable":true,"href":"https:\/\/lucacastelli.com\/fr\/wp-json\/wp\/v2\/product_cat?post=605442"},{"taxonomy":"product_tag","embeddable":true,"href":"https:\/\/lucacastelli.com\/fr\/wp-json\/wp\/v2\/product_tag?post=605442"}],"curies":[{"name":"wp","href":"https:\/\/api.w.org\/{rel}","templated":true}]}}