{"id":605437,"date":"2025-07-17T19:43:00","date_gmt":"2025-07-17T17:43:00","guid":{"rendered":"https:\/\/lucacastelli.com\/prodotto\/milwaukee-niveau-a-bulle-trapezoidal-moule-sous-pression\/"},"modified":"2025-07-17T19:43:00","modified_gmt":"2025-07-17T17:43:00","slug":"milwaukee-niveau-a-bulle-trapezoidal-moule-sous-pression","status":"publish","type":"product","link":"https:\/\/lucacastelli.com\/fr\/produit\/milwaukee-niveau-a-bulle-trapezoidal-moule-sous-pression\/","title":{"rendered":"Milwaukee Niveau \u00e0 bulle trap\u00e9zo\u00efdal moul\u00e9 sous pression."},"content":{"rendered":"<p>2 flacons en acrylique pour une r\u00e9sistance maximale aux chocs et aux UV;Embouts robustes avec surfaces ondul\u00e9es pour faciliter l&#8217;utilisation d&#8217;un marteau lors de la pose de carreaux;Trous de guidage pour m\u00e8ches de 5 \u00e0 12 mm;Surface frais\u00e9e pour une plus grande pr\u00e9cision dans toutes les positions;Crochet robuste pour un rangement facile;Degr\u00e9 de pr\u00e9cision certifi\u00e9 par un organisme ind\u00e9pendant (VPA);Pr\u00e9cision de 0,029\u00b0( 0,0005Zoll\/in, 0,5mm\/M) en position standard.<\/p>\n","protected":false},"excerpt":{"rendered":"<p>2 flacons en acrylique pour une r\u00e9sistance maximale aux chocs et aux UV;Embouts robustes avec surfaces ondul\u00e9es pour faciliter l&#8217;utilisation<\/p>\n","protected":false},"featured_media":498879,"template":"","meta":{"_seopress_robots_primary_cat":"","_seopress_titles_title":"","_seopress_titles_desc":"","_seopress_robots_index":""},"product_brand":[3407],"product_cat":[29,551],"product_tag":[3270],"class_list":{"0":"post-605437","1":"product","2":"type-product","3":"status-publish","4":"has-post-thumbnail","6":"product_brand-milwaukee","7":"product_cat-macchinari","8":"product_cat-apparecchi-di-misurazione","9":"product_tag-import-milwau","10":"sws-gruppo-macchinari-fr","11":"sws-conto-ricavi-merci-rivendita-macchinari-fr","12":"sws-gruppo-iva-iva81-fr","14":"first","15":"onbackorder","16":"sale","17":"shipping-taxable","18":"purchasable","19":"product-type-simple"},"_links":{"self":[{"href":"https:\/\/lucacastelli.com\/fr\/wp-json\/wp\/v2\/product\/605437","targetHints":{"allow":["GET"]}}],"collection":[{"href":"https:\/\/lucacastelli.com\/fr\/wp-json\/wp\/v2\/product"}],"about":[{"href":"https:\/\/lucacastelli.com\/fr\/wp-json\/wp\/v2\/types\/product"}],"wp:featuredmedia":[{"embeddable":true,"href":"https:\/\/lucacastelli.com\/fr\/wp-json\/wp\/v2\/media\/498879"}],"wp:attachment":[{"href":"https:\/\/lucacastelli.com\/fr\/wp-json\/wp\/v2\/media?parent=605437"}],"wp:term":[{"taxonomy":"product_brand","embeddable":true,"href":"https:\/\/lucacastelli.com\/fr\/wp-json\/wp\/v2\/product_brand?post=605437"},{"taxonomy":"product_cat","embeddable":true,"href":"https:\/\/lucacastelli.com\/fr\/wp-json\/wp\/v2\/product_cat?post=605437"},{"taxonomy":"product_tag","embeddable":true,"href":"https:\/\/lucacastelli.com\/fr\/wp-json\/wp\/v2\/product_tag?post=605437"}],"curies":[{"name":"wp","href":"https:\/\/api.w.org\/{rel}","templated":true}]}}