{"id":605406,"date":"2025-08-12T18:28:58","date_gmt":"2025-08-12T16:28:58","guid":{"rendered":"https:\/\/lucacastelli.com\/prodotto\/milwaukee-m12-veste-thermique-camouflage\/"},"modified":"2025-08-12T18:28:58","modified_gmt":"2025-08-12T16:28:58","slug":"milwaukee-m12-veste-thermique-camouflage","status":"publish","type":"product","link":"https:\/\/lucacastelli.com\/fr\/produit\/milwaukee-m12-veste-thermique-camouflage\/","title":{"rendered":"Milwaukee M12\u2122 Veste thermique &#8211; Camouflage"},"content":{"rendered":"<p>M12HJCAMO6-0(L) CARTER DE VILEBREQUIN<br \/>\nMotif de camouflage REALTREE XTRA\u2122;Mati\u00e8re 100% polyester extensible qui r\u00e9duit le bruit pendant les mouvements;Zones en fibre de carbone, chaleur uniform\u00e9ment r\u00e9partie sur la poitrine et le dos et dans les poches avant;Grande autonomie : jusqu&#8217;\u00e0 8 heures de chaleur sur une seule batterie (en mode faible avec 2.0 Ah);Contr\u00f4le du niveau de chaleur par une seule touche, 3 modes : temp\u00e9rature \u00e9lev\u00e9e, moyenne, basse;Mobilit\u00e9 FREE FLEX\u2122 : mati\u00e8re suppl\u00e9mentaire sous les bras pour faciliter les mouvements;R\u00e9sistant \u00e0 l&#8217;eau et au vent : garantit confort et r\u00e9sistance m\u00eame dans les conditions les plus extr\u00eames;Nouveau design du support de batterie. positionn\u00e9 dans les poches avant ou arri\u00e8re en fonction du confort;Conception am\u00e9lior\u00e9e avec dos allong\u00e9 et taille r\u00e9glable pour \u00e9viter la perte de chaleur;Support de batterie M12\u2122 avec entr\u00e9e USB pour charger ton t\u00e9l\u00e9phone portable;Grandes poches et poche poitrine suppl\u00e9mentaire, id\u00e9ales pour ranger ton t\u00e9l\u00e9phone portable;Fonctionne avec toutes les batteries Milwaukee M12\u2122;Disponible dans les tailles S-M-L-XL-2XL-3XL;Lavable en machine et s\u00e9chable \u00e0 l&#8217;air libre.<\/p>\n<p>4933479364<br \/>\n4058546371586<\/p>\n","protected":false},"excerpt":{"rendered":"<p>M12HJCAMO6-0(L) CARTER DE VILEBREQUIN Motif de camouflage REALTREE XTRA\u2122;Mati\u00e8re 100% polyester extensible qui r\u00e9duit le bruit pendant les mouvements;Zones en<\/p>\n","protected":false},"featured_media":604496,"template":"","meta":{"_seopress_robots_primary_cat":"none","_seopress_titles_title":"","_seopress_titles_desc":"","_seopress_robots_index":""},"product_brand":[3407],"product_cat":[21,284],"product_tag":[],"class_list":{"0":"post-605406","1":"product","2":"type-product","3":"status-publish","4":"has-post-thumbnail","6":"product_brand-milwaukee","7":"product_cat-abbigliamento","8":"product_cat-abbigliamento-da-lavoro","9":"sws-gruppo-abb-libero-fr","10":"sws-conto-ricavi-merci-rivendita-abbigliamento-fr","11":"sws-gruppo-iva-iva81-fr","13":"first","14":"instock","15":"shipping-taxable","16":"purchasable","17":"product-type-variable","18":"has-default-attributes"},"_links":{"self":[{"href":"https:\/\/lucacastelli.com\/fr\/wp-json\/wp\/v2\/product\/605406","targetHints":{"allow":["GET"]}}],"collection":[{"href":"https:\/\/lucacastelli.com\/fr\/wp-json\/wp\/v2\/product"}],"about":[{"href":"https:\/\/lucacastelli.com\/fr\/wp-json\/wp\/v2\/types\/product"}],"wp:featuredmedia":[{"embeddable":true,"href":"https:\/\/lucacastelli.com\/fr\/wp-json\/wp\/v2\/media\/604496"}],"wp:attachment":[{"href":"https:\/\/lucacastelli.com\/fr\/wp-json\/wp\/v2\/media?parent=605406"}],"wp:term":[{"taxonomy":"product_brand","embeddable":true,"href":"https:\/\/lucacastelli.com\/fr\/wp-json\/wp\/v2\/product_brand?post=605406"},{"taxonomy":"product_cat","embeddable":true,"href":"https:\/\/lucacastelli.com\/fr\/wp-json\/wp\/v2\/product_cat?post=605406"},{"taxonomy":"product_tag","embeddable":true,"href":"https:\/\/lucacastelli.com\/fr\/wp-json\/wp\/v2\/product_tag?post=605406"}],"curies":[{"name":"wp","href":"https:\/\/api.w.org\/{rel}","templated":true}]}}