{"id":605365,"date":"2025-07-12T17:55:45","date_gmt":"2025-07-12T15:55:45","guid":{"rendered":"https:\/\/lucacastelli.com\/prodotto\/kit-de-reparation-de-cables-milwaukee\/"},"modified":"2025-07-12T17:55:45","modified_gmt":"2025-07-12T15:55:45","slug":"kit-de-reparation-de-cables-milwaukee","status":"publish","type":"product","link":"https:\/\/lucacastelli.com\/fr\/produit\/kit-de-reparation-de-cables-milwaukee\/","title":{"rendered":"Kit de r\u00e9paration de c\u00e2bles Milwaukee"},"content":{"rendered":"<p>Kit de r\u00e9paration pour le c\u00e2ble de connexion Milwaukee Quik-LOK. Convient \u00e0 tous les outils \u00e9quip\u00e9s du dispositif QUIK-LOK. Remplacement rapide en cas de c\u00e2ble endommag\u00e9, pas de temps d&#8217;arr\u00eat pour l&#8217;entretien.  <\/p>\n","protected":false},"excerpt":{"rendered":"<p>Kit de r\u00e9paration pour le c\u00e2ble de connexion Milwaukee Quik-LOK. Convient \u00e0 tous les outils \u00e9quip\u00e9s du dispositif QUIK-LOK. Remplacement<\/p>\n","protected":false},"featured_media":485723,"template":"","meta":{"_seopress_robots_primary_cat":"","_seopress_titles_title":"","_seopress_titles_desc":"","_seopress_robots_index":""},"product_brand":[3407],"product_cat":[29,558],"product_tag":[3270],"class_list":{"0":"post-605365","1":"product","2":"type-product","3":"status-publish","4":"has-post-thumbnail","6":"product_brand-milwaukee","7":"product_cat-macchinari","8":"product_cat-seghe-accessori-vari","9":"product_tag-import-milwau","10":"sws-gruppo-macchinari-fr","11":"sws-conto-ricavi-merci-rivendita-macchinari-fr","12":"sws-gruppo-iva-iva81-fr","14":"first","15":"instock","16":"sale","17":"shipping-taxable","18":"purchasable","19":"product-type-simple"},"_links":{"self":[{"href":"https:\/\/lucacastelli.com\/fr\/wp-json\/wp\/v2\/product\/605365","targetHints":{"allow":["GET"]}}],"collection":[{"href":"https:\/\/lucacastelli.com\/fr\/wp-json\/wp\/v2\/product"}],"about":[{"href":"https:\/\/lucacastelli.com\/fr\/wp-json\/wp\/v2\/types\/product"}],"wp:featuredmedia":[{"embeddable":true,"href":"https:\/\/lucacastelli.com\/fr\/wp-json\/wp\/v2\/media\/485723"}],"wp:attachment":[{"href":"https:\/\/lucacastelli.com\/fr\/wp-json\/wp\/v2\/media?parent=605365"}],"wp:term":[{"taxonomy":"product_brand","embeddable":true,"href":"https:\/\/lucacastelli.com\/fr\/wp-json\/wp\/v2\/product_brand?post=605365"},{"taxonomy":"product_cat","embeddable":true,"href":"https:\/\/lucacastelli.com\/fr\/wp-json\/wp\/v2\/product_cat?post=605365"},{"taxonomy":"product_tag","embeddable":true,"href":"https:\/\/lucacastelli.com\/fr\/wp-json\/wp\/v2\/product_tag?post=605365"}],"curies":[{"name":"wp","href":"https:\/\/api.w.org\/{rel}","templated":true}]}}