{"id":605361,"date":"2025-07-12T17:55:46","date_gmt":"2025-07-12T15:55:46","guid":{"rendered":"https:\/\/lucacastelli.com\/prodotto\/milwaukee-sacs-a-outils\/"},"modified":"2026-04-17T23:16:33","modified_gmt":"2026-04-17T21:16:33","slug":"milwaukee-sacs-a-outils","status":"publish","type":"product","link":"https:\/\/lucacastelli.com\/fr\/produit\/milwaukee-sacs-a-outils\/","title":{"rendered":"MILWAUKEE Sacs \u00e0 outils"},"content":{"rendered":"<p>Mat\u00e9riau robuste, fermeture \u00e9clair r\u00e9sistante, id\u00e9al pour ranger outils et accessoires<\/p>\n","protected":false},"excerpt":{"rendered":"<p>Mat\u00e9riau robuste, fermeture \u00e9clair r\u00e9sistante, id\u00e9al pour ranger outils et accessoires<\/p>\n","protected":false},"featured_media":485738,"template":"","meta":{"_seopress_robots_primary_cat":"none","_seopress_titles_title":"","_seopress_titles_desc":"","_seopress_robots_index":""},"product_brand":[3658],"product_cat":[167,1534],"product_tag":[3273],"class_list":{"0":"post-605361","1":"product","2":"type-product","3":"status-publish","4":"has-post-thumbnail","6":"product_brand-milwaukee-fr","7":"product_cat-machines","8":"product_cat-scies","9":"product_tag-import-milwau-fr","10":"sws-gruppo-macchinari-fr","11":"sws-conto-ricavi-merci-rivendita-macchinari-fr","12":"sws-gruppo-iva-iva81-fr","14":"first","15":"instock","16":"shipping-taxable","17":"purchasable","18":"product-type-simple"},"_links":{"self":[{"href":"https:\/\/lucacastelli.com\/fr\/wp-json\/wp\/v2\/product\/605361","targetHints":{"allow":["GET"]}}],"collection":[{"href":"https:\/\/lucacastelli.com\/fr\/wp-json\/wp\/v2\/product"}],"about":[{"href":"https:\/\/lucacastelli.com\/fr\/wp-json\/wp\/v2\/types\/product"}],"wp:featuredmedia":[{"embeddable":true,"href":"https:\/\/lucacastelli.com\/fr\/wp-json\/wp\/v2\/media\/485738"}],"wp:attachment":[{"href":"https:\/\/lucacastelli.com\/fr\/wp-json\/wp\/v2\/media?parent=605361"}],"wp:term":[{"taxonomy":"product_brand","embeddable":true,"href":"https:\/\/lucacastelli.com\/fr\/wp-json\/wp\/v2\/product_brand?post=605361"},{"taxonomy":"product_cat","embeddable":true,"href":"https:\/\/lucacastelli.com\/fr\/wp-json\/wp\/v2\/product_cat?post=605361"},{"taxonomy":"product_tag","embeddable":true,"href":"https:\/\/lucacastelli.com\/fr\/wp-json\/wp\/v2\/product_tag?post=605361"}],"curies":[{"name":"wp","href":"https:\/\/api.w.org\/{rel}","templated":true}]}}