{"id":605353,"date":"2025-07-12T17:55:32","date_gmt":"2025-07-12T15:55:32","guid":{"rendered":"https:\/\/lucacastelli.com\/prodotto\/milwaukee-jeu-de-disques-decartement\/"},"modified":"2025-07-12T17:55:32","modified_gmt":"2025-07-12T15:55:32","slug":"milwaukee-jeu-de-disques-decartement","status":"publish","type":"product","link":"https:\/\/lucacastelli.com\/fr\/produit\/milwaukee-jeu-de-disques-decartement\/","title":{"rendered":"Milwaukee Jeu de disques d&#8217;\u00e9cartement"},"content":{"rendered":"<p>Jeu de disques d&#8217;\u00e9cartement pour les chasseurs de murs. Ces disques d&#8217;espacement peuvent \u00eatre utilis\u00e9s pour ajuster de fa\u00e7on variable la largeur de la fente des chasseurs de mur. Ce jeu contient 6 disques  <\/p>\n","protected":false},"excerpt":{"rendered":"<p>Jeu de disques d&#8217;\u00e9cartement pour les chasseurs de murs. Ces disques d&#8217;espacement peuvent \u00eatre utilis\u00e9s pour ajuster de fa\u00e7on variable<\/p>\n","protected":false},"featured_media":485713,"template":"","meta":{"_seopress_robots_primary_cat":"","_seopress_titles_title":"","_seopress_titles_desc":"","_seopress_robots_index":""},"product_brand":[3407],"product_cat":[29,558],"product_tag":[3270],"class_list":{"0":"post-605353","1":"product","2":"type-product","3":"status-publish","4":"has-post-thumbnail","6":"product_brand-milwaukee","7":"product_cat-macchinari","8":"product_cat-seghe-accessori-vari","9":"product_tag-import-milwau","10":"sws-gruppo-macchinari-fr","11":"sws-conto-ricavi-merci-rivendita-macchinari-fr","12":"sws-gruppo-iva-iva81-fr","14":"first","15":"instock","16":"sale","17":"shipping-taxable","18":"purchasable","19":"product-type-simple"},"_links":{"self":[{"href":"https:\/\/lucacastelli.com\/fr\/wp-json\/wp\/v2\/product\/605353","targetHints":{"allow":["GET"]}}],"collection":[{"href":"https:\/\/lucacastelli.com\/fr\/wp-json\/wp\/v2\/product"}],"about":[{"href":"https:\/\/lucacastelli.com\/fr\/wp-json\/wp\/v2\/types\/product"}],"wp:featuredmedia":[{"embeddable":true,"href":"https:\/\/lucacastelli.com\/fr\/wp-json\/wp\/v2\/media\/485713"}],"wp:attachment":[{"href":"https:\/\/lucacastelli.com\/fr\/wp-json\/wp\/v2\/media?parent=605353"}],"wp:term":[{"taxonomy":"product_brand","embeddable":true,"href":"https:\/\/lucacastelli.com\/fr\/wp-json\/wp\/v2\/product_brand?post=605353"},{"taxonomy":"product_cat","embeddable":true,"href":"https:\/\/lucacastelli.com\/fr\/wp-json\/wp\/v2\/product_cat?post=605353"},{"taxonomy":"product_tag","embeddable":true,"href":"https:\/\/lucacastelli.com\/fr\/wp-json\/wp\/v2\/product_tag?post=605353"}],"curies":[{"name":"wp","href":"https:\/\/api.w.org\/{rel}","templated":true}]}}