{"id":605352,"date":"2025-07-12T17:55:31","date_gmt":"2025-07-12T15:55:31","guid":{"rendered":"https:\/\/lucacastelli.com\/prodotto\/milwaukee-jeu-de-scies-cloches-bimetalliques-6\/"},"modified":"2025-07-12T17:55:31","modified_gmt":"2025-07-12T15:55:31","slug":"milwaukee-jeu-de-scies-cloches-bimetalliques-6","status":"publish","type":"product","link":"https:\/\/lucacastelli.com\/fr\/produit\/milwaukee-jeu-de-scies-cloches-bimetalliques-6\/","title":{"rendered":"Milwaukee Jeu de scies cloches bim\u00e9talliques"},"content":{"rendered":"<p>15 dents par pouce : pour une coupe nette;0,6 mm d&#8217;\u00e9paisseur : moins de r\u00e9sistance. 40% PLUS RAPIDE;Optimis\u00e9e pour l&#8217;acier, l&#8217;aluminium (2 mm max.) et l&#8217;acier inoxydable (1,5 mm max.);Douille hexagonale 1\/4&#8243;. Compatible avec les cl\u00e9s \u00e0 chocs;L&#8217;\u00e9paulement large emp\u00eache l&#8217;enfoncement excessif;Construction bi-m\u00e9tal avec 8 % de cobalt pour une durabilit\u00e9 et des performances \u00e9lev\u00e9es;Ressort int\u00e9gr\u00e9 pour l&#8217;\u00e9jection automatique du mat\u00e9riau;Conception id\u00e9ale pour une utilisation avec les cl\u00e9s \u00e0 chocs sans fil et plus encore. Extr\u00eame facilit\u00e9 de per\u00e7age d&#8217;une seule main   <\/p>\n","protected":false},"excerpt":{"rendered":"<p>15 dents par pouce : pour une coupe nette;0,6 mm d&#8217;\u00e9paisseur : moins de r\u00e9sistance. 40% PLUS RAPIDE;Optimis\u00e9e pour l&#8217;acier,<\/p>\n","protected":false},"featured_media":485699,"template":"","meta":{"_seopress_robots_primary_cat":"","_seopress_titles_title":"","_seopress_titles_desc":"","_seopress_robots_index":""},"product_brand":[3407],"product_cat":[29,558],"product_tag":[3270],"class_list":{"0":"post-605352","1":"product","2":"type-product","3":"status-publish","4":"has-post-thumbnail","6":"product_brand-milwaukee","7":"product_cat-macchinari","8":"product_cat-seghe-accessori-vari","9":"product_tag-import-milwau","10":"sws-gruppo-macchinari-fr","11":"sws-conto-ricavi-merci-rivendita-macchinari-fr","12":"sws-gruppo-iva-iva81-fr","14":"first","15":"instock","16":"sale","17":"shipping-taxable","18":"purchasable","19":"product-type-simple"},"_links":{"self":[{"href":"https:\/\/lucacastelli.com\/fr\/wp-json\/wp\/v2\/product\/605352","targetHints":{"allow":["GET"]}}],"collection":[{"href":"https:\/\/lucacastelli.com\/fr\/wp-json\/wp\/v2\/product"}],"about":[{"href":"https:\/\/lucacastelli.com\/fr\/wp-json\/wp\/v2\/types\/product"}],"wp:featuredmedia":[{"embeddable":true,"href":"https:\/\/lucacastelli.com\/fr\/wp-json\/wp\/v2\/media\/485699"}],"wp:attachment":[{"href":"https:\/\/lucacastelli.com\/fr\/wp-json\/wp\/v2\/media?parent=605352"}],"wp:term":[{"taxonomy":"product_brand","embeddable":true,"href":"https:\/\/lucacastelli.com\/fr\/wp-json\/wp\/v2\/product_brand?post=605352"},{"taxonomy":"product_cat","embeddable":true,"href":"https:\/\/lucacastelli.com\/fr\/wp-json\/wp\/v2\/product_cat?post=605352"},{"taxonomy":"product_tag","embeddable":true,"href":"https:\/\/lucacastelli.com\/fr\/wp-json\/wp\/v2\/product_tag?post=605352"}],"curies":[{"name":"wp","href":"https:\/\/api.w.org\/{rel}","templated":true}]}}