{"id":605321,"date":"2025-07-12T17:55:19","date_gmt":"2025-07-12T15:55:19","guid":{"rendered":"https:\/\/lucacastelli.com\/prodotto\/milwaukee-jeu-de-lames-de-scie-droite-4\/"},"modified":"2025-07-12T17:55:19","modified_gmt":"2025-07-12T15:55:19","slug":"milwaukee-jeu-de-lames-de-scie-droite-4","status":"publish","type":"product","link":"https:\/\/lucacastelli.com\/fr\/produit\/milwaukee-jeu-de-lames-de-scie-droite-4\/","title":{"rendered":"Milwaukee Jeu de lames de scie droite"},"content":{"rendered":"<p>Jeu de lames de scie sauteuse HM, 5 pi\u00e8ces, chacune \u00e9quip\u00e9e de 2 AX\u2122 HM 230 mm (bois avec clous), 2 TORCH\u2122 HM &#8211; 230 mm (m\u00e9tal) et 1 TORCH\u2122 HM &#8211; 150 mm.<\/p>\n","protected":false},"excerpt":{"rendered":"<p>Jeu de lames de scie sauteuse HM, 5 pi\u00e8ces, chacune \u00e9quip\u00e9e de 2 AX\u2122 HM 230 mm (bois avec clous),<\/p>\n","protected":false},"featured_media":485645,"template":"","meta":{"_seopress_robots_primary_cat":"","_seopress_titles_title":"","_seopress_titles_desc":"","_seopress_robots_index":""},"product_brand":[3407],"product_cat":[29,558],"product_tag":[3270],"class_list":{"0":"post-605321","1":"product","2":"type-product","3":"status-publish","4":"has-post-thumbnail","6":"product_brand-milwaukee","7":"product_cat-macchinari","8":"product_cat-seghe-accessori-vari","9":"product_tag-import-milwau","10":"sws-gruppo-macchinari-fr","11":"sws-conto-ricavi-merci-rivendita-macchinari-fr","12":"sws-gruppo-iva-iva81-fr","14":"first","15":"instock","16":"sale","17":"shipping-taxable","18":"purchasable","19":"product-type-simple"},"_links":{"self":[{"href":"https:\/\/lucacastelli.com\/fr\/wp-json\/wp\/v2\/product\/605321","targetHints":{"allow":["GET"]}}],"collection":[{"href":"https:\/\/lucacastelli.com\/fr\/wp-json\/wp\/v2\/product"}],"about":[{"href":"https:\/\/lucacastelli.com\/fr\/wp-json\/wp\/v2\/types\/product"}],"wp:featuredmedia":[{"embeddable":true,"href":"https:\/\/lucacastelli.com\/fr\/wp-json\/wp\/v2\/media\/485645"}],"wp:attachment":[{"href":"https:\/\/lucacastelli.com\/fr\/wp-json\/wp\/v2\/media?parent=605321"}],"wp:term":[{"taxonomy":"product_brand","embeddable":true,"href":"https:\/\/lucacastelli.com\/fr\/wp-json\/wp\/v2\/product_brand?post=605321"},{"taxonomy":"product_cat","embeddable":true,"href":"https:\/\/lucacastelli.com\/fr\/wp-json\/wp\/v2\/product_cat?post=605321"},{"taxonomy":"product_tag","embeddable":true,"href":"https:\/\/lucacastelli.com\/fr\/wp-json\/wp\/v2\/product_tag?post=605321"}],"curies":[{"name":"wp","href":"https:\/\/api.w.org\/{rel}","templated":true}]}}