{"id":605317,"date":"2025-07-12T17:55:22","date_gmt":"2025-07-12T15:55:22","guid":{"rendered":"https:\/\/lucacastelli.com\/prodotto\/milwaukee-jeu-de-lames-de-scie-droite-3\/"},"modified":"2025-07-12T17:55:22","modified_gmt":"2025-07-12T15:55:22","slug":"milwaukee-jeu-de-lames-de-scie-droite-3","status":"publish","type":"product","link":"https:\/\/lucacastelli.com\/fr\/produit\/milwaukee-jeu-de-lames-de-scie-droite-3\/","title":{"rendered":"Milwaukee Jeu de lames de scie droite"},"content":{"rendered":"<p>Jeu de 10 lames de scie sauteuse, chacune \u00e9quip\u00e9e de 3 THIN KERF 150 mm x 14 TPI (m\u00e9tal), 3 THIN KERF m\u00e9tal &#8211; 150 mm 24 TPI, 2 THIN KERF 150 mm x 5 TPI (bois avec clous), 1 THIN KERF230 mm x 5 TPI (bois avec clous), 1THIN KERF 230 mm x 18 TPI (m\u00e9tal).<\/p>\n","protected":false},"excerpt":{"rendered":"<p>Jeu de 10 lames de scie sauteuse, chacune \u00e9quip\u00e9e de 3 THIN KERF 150 mm x 14 TPI (m\u00e9tal), 3<\/p>\n","protected":false},"featured_media":485650,"template":"","meta":{"_seopress_robots_primary_cat":"","_seopress_titles_title":"","_seopress_titles_desc":"","_seopress_robots_index":""},"product_brand":[3407],"product_cat":[29,558],"product_tag":[3270],"class_list":{"0":"post-605317","1":"product","2":"type-product","3":"status-publish","4":"has-post-thumbnail","6":"product_brand-milwaukee","7":"product_cat-macchinari","8":"product_cat-seghe-accessori-vari","9":"product_tag-import-milwau","10":"sws-gruppo-macchinari-fr","11":"sws-conto-ricavi-merci-rivendita-macchinari-fr","12":"sws-gruppo-iva-iva81-fr","14":"first","15":"instock","16":"sale","17":"shipping-taxable","18":"purchasable","19":"product-type-simple"},"_links":{"self":[{"href":"https:\/\/lucacastelli.com\/fr\/wp-json\/wp\/v2\/product\/605317","targetHints":{"allow":["GET"]}}],"collection":[{"href":"https:\/\/lucacastelli.com\/fr\/wp-json\/wp\/v2\/product"}],"about":[{"href":"https:\/\/lucacastelli.com\/fr\/wp-json\/wp\/v2\/types\/product"}],"wp:featuredmedia":[{"embeddable":true,"href":"https:\/\/lucacastelli.com\/fr\/wp-json\/wp\/v2\/media\/485650"}],"wp:attachment":[{"href":"https:\/\/lucacastelli.com\/fr\/wp-json\/wp\/v2\/media?parent=605317"}],"wp:term":[{"taxonomy":"product_brand","embeddable":true,"href":"https:\/\/lucacastelli.com\/fr\/wp-json\/wp\/v2\/product_brand?post=605317"},{"taxonomy":"product_cat","embeddable":true,"href":"https:\/\/lucacastelli.com\/fr\/wp-json\/wp\/v2\/product_cat?post=605317"},{"taxonomy":"product_tag","embeddable":true,"href":"https:\/\/lucacastelli.com\/fr\/wp-json\/wp\/v2\/product_tag?post=605317"}],"curies":[{"name":"wp","href":"https:\/\/api.w.org\/{rel}","templated":true}]}}