{"id":605316,"date":"2025-07-12T17:55:18","date_gmt":"2025-07-12T15:55:18","guid":{"rendered":"https:\/\/lucacastelli.com\/prodotto\/milwaukee-jeu-de-lames-de-scie-droite-2\/"},"modified":"2025-07-12T17:55:18","modified_gmt":"2025-07-12T15:55:18","slug":"milwaukee-jeu-de-lames-de-scie-droite-2","status":"publish","type":"product","link":"https:\/\/lucacastelli.com\/fr\/produit\/milwaukee-jeu-de-lames-de-scie-droite-2\/","title":{"rendered":"Milwaukee Jeu de lames de scie droite"},"content":{"rendered":"<p>Lames WRECKER\u2122 ultra-robustes &#8211; Corps robuste et pr\u00e9cis de 1,57 mm d&#8217;\u00e9paisseur. Conception agressive et renforc\u00e9e des dents;Lames de d\u00e9molition Heavy-Duty AX\u2122 &#8211; \u00c9paisseur de lame de 1,60 mm id\u00e9ale pour le bois avec des clous et des boulons. FANG TIP : pour s&#8217;enfoncer facilement dans le mat\u00e9riau dans les endroits \u00e9troits;THE TORCH\u2122 Lames ultra-robustes &#8211; G\u00e9om\u00e9trie des dents optimis\u00e9e pour une vitesse et une durabilit\u00e9 maximales. Corps robuste et \u00e9paisseur de lame de 1,06 mm pour des coupes pr\u00e9cises. Hauteur de lame de 25 mm pour une stabilit\u00e9 maximale et une r\u00e9duction des vibrations. La construction bi-m\u00e9tallique des dents avec 8 % de cobalt am\u00e9liore encore les performances et la dur\u00e9e de vie.    <\/p>\n","protected":false},"excerpt":{"rendered":"<p>Lames WRECKER\u2122 ultra-robustes &#8211; Corps robuste et pr\u00e9cis de 1,57 mm d&#8217;\u00e9paisseur. Conception agressive et renforc\u00e9e des dents;Lames de d\u00e9molition<\/p>\n","protected":false},"featured_media":488762,"template":"","meta":{"_seopress_robots_primary_cat":"","_seopress_titles_title":"","_seopress_titles_desc":"","_seopress_robots_index":""},"product_brand":[3407],"product_cat":[29,558],"product_tag":[3270],"class_list":{"0":"post-605316","1":"product","2":"type-product","3":"status-publish","4":"has-post-thumbnail","6":"product_brand-milwaukee","7":"product_cat-macchinari","8":"product_cat-seghe-accessori-vari","9":"product_tag-import-milwau","10":"sws-gruppo-macchinari-fr","11":"sws-conto-ricavi-merci-rivendita-macchinari-fr","12":"sws-gruppo-iva-iva81-fr","14":"first","15":"instock","16":"sale","17":"shipping-taxable","18":"purchasable","19":"product-type-simple"},"_links":{"self":[{"href":"https:\/\/lucacastelli.com\/fr\/wp-json\/wp\/v2\/product\/605316","targetHints":{"allow":["GET"]}}],"collection":[{"href":"https:\/\/lucacastelli.com\/fr\/wp-json\/wp\/v2\/product"}],"about":[{"href":"https:\/\/lucacastelli.com\/fr\/wp-json\/wp\/v2\/types\/product"}],"wp:featuredmedia":[{"embeddable":true,"href":"https:\/\/lucacastelli.com\/fr\/wp-json\/wp\/v2\/media\/488762"}],"wp:attachment":[{"href":"https:\/\/lucacastelli.com\/fr\/wp-json\/wp\/v2\/media?parent=605316"}],"wp:term":[{"taxonomy":"product_brand","embeddable":true,"href":"https:\/\/lucacastelli.com\/fr\/wp-json\/wp\/v2\/product_brand?post=605316"},{"taxonomy":"product_cat","embeddable":true,"href":"https:\/\/lucacastelli.com\/fr\/wp-json\/wp\/v2\/product_cat?post=605316"},{"taxonomy":"product_tag","embeddable":true,"href":"https:\/\/lucacastelli.com\/fr\/wp-json\/wp\/v2\/product_tag?post=605316"}],"curies":[{"name":"wp","href":"https:\/\/api.w.org\/{rel}","templated":true}]}}