{"id":605299,"date":"2025-07-12T17:55:12","date_gmt":"2025-07-12T15:55:12","guid":{"rendered":"https:\/\/lucacastelli.com\/prodotto\/milwaukee-machine-matricielle-a-fileter\/"},"modified":"2025-07-12T17:55:12","modified_gmt":"2025-07-12T15:55:12","slug":"milwaukee-machine-matricielle-a-fileter","status":"publish","type":"product","link":"https:\/\/lucacastelli.com\/fr\/produit\/milwaukee-machine-matricielle-a-fileter\/","title":{"rendered":"Milwaukee Machine matricielle \u00e0 fileter"},"content":{"rendered":"<p>\u00c0 utiliser avec le fileur stationnaire MX FUEL 2 pouces avec ONE-KEY\u2122 MXF PTR2;Syst\u00e8me de micro-ajustement pour un r\u00e9glage pr\u00e9cis et rapide du peigne;M\u00e9canisme de d\u00e9gagement automatique pour les fils de m\u00eame taille;Compatible avec les outils Ridgid\u00ae 300 et 535;Compatible avec les peignes universels Milwaukee\u00ae;Peignes vendus s\u00e9par\u00e9ment.<\/p>\n","protected":false},"excerpt":{"rendered":"<p>\u00c0 utiliser avec le fileur stationnaire MX FUEL 2 pouces avec ONE-KEY\u2122 MXF PTR2;Syst\u00e8me de micro-ajustement pour un r\u00e9glage pr\u00e9cis<\/p>\n","protected":false},"featured_media":485618,"template":"","meta":{"_seopress_robots_primary_cat":"","_seopress_titles_title":"","_seopress_titles_desc":"","_seopress_robots_index":""},"product_brand":[3407],"product_cat":[29,558],"product_tag":[3270],"class_list":{"0":"post-605299","1":"product","2":"type-product","3":"status-publish","4":"has-post-thumbnail","6":"product_brand-milwaukee","7":"product_cat-macchinari","8":"product_cat-seghe-accessori-vari","9":"product_tag-import-milwau","10":"sws-gruppo-macchinari-fr","11":"sws-conto-ricavi-merci-rivendita-macchinari-fr","12":"sws-gruppo-iva-iva81-fr","14":"first","15":"instock","16":"sale","17":"shipping-taxable","18":"purchasable","19":"product-type-simple"},"_links":{"self":[{"href":"https:\/\/lucacastelli.com\/fr\/wp-json\/wp\/v2\/product\/605299","targetHints":{"allow":["GET"]}}],"collection":[{"href":"https:\/\/lucacastelli.com\/fr\/wp-json\/wp\/v2\/product"}],"about":[{"href":"https:\/\/lucacastelli.com\/fr\/wp-json\/wp\/v2\/types\/product"}],"wp:featuredmedia":[{"embeddable":true,"href":"https:\/\/lucacastelli.com\/fr\/wp-json\/wp\/v2\/media\/485618"}],"wp:attachment":[{"href":"https:\/\/lucacastelli.com\/fr\/wp-json\/wp\/v2\/media?parent=605299"}],"wp:term":[{"taxonomy":"product_brand","embeddable":true,"href":"https:\/\/lucacastelli.com\/fr\/wp-json\/wp\/v2\/product_brand?post=605299"},{"taxonomy":"product_cat","embeddable":true,"href":"https:\/\/lucacastelli.com\/fr\/wp-json\/wp\/v2\/product_cat?post=605299"},{"taxonomy":"product_tag","embeddable":true,"href":"https:\/\/lucacastelli.com\/fr\/wp-json\/wp\/v2\/product_tag?post=605299"}],"curies":[{"name":"wp","href":"https:\/\/api.w.org\/{rel}","templated":true}]}}