{"id":605283,"date":"2025-07-12T17:55:07","date_gmt":"2025-07-12T15:55:07","guid":{"rendered":"https:\/\/lucacastelli.com\/prodotto\/milwaukee-revetement-4\/"},"modified":"2025-07-12T17:55:07","modified_gmt":"2025-07-12T15:55:07","slug":"milwaukee-revetement-4","status":"publish","type":"product","link":"https:\/\/lucacastelli.com\/fr\/produit\/milwaukee-revetement-4\/","title":{"rendered":"Milwaukee Rev\u00eatement"},"content":{"rendered":"<p>L\u00e9ger et compact, prot\u00e8ge l&#8217;outil et les surfaces avec un impact minimal sur la taille et le poids de l&#8217;outil;Mat\u00e9riau flexible pour une application et un retrait faciles;Caoutchouc durable, con\u00e7u pour r\u00e9sister aux mat\u00e9riaux corrosifs que l&#8217;on trouve couramment dans les environnements de travail;Ne convient pas aux applications sur des circuits \u00e9lectriques sous tension;L&#8217;utilisation sur un outil autre que celui sp\u00e9cifi\u00e9 peut endommager le moteur de l&#8217;outil et invalider la garantie.<\/p>\n","protected":false},"excerpt":{"rendered":"<p>L\u00e9ger et compact, prot\u00e8ge l&#8217;outil et les surfaces avec un impact minimal sur la taille et le poids de l&#8217;outil;Mat\u00e9riau<\/p>\n","protected":false},"featured_media":485576,"template":"","meta":{"_seopress_robots_primary_cat":"","_seopress_titles_title":"","_seopress_titles_desc":"","_seopress_robots_index":""},"product_brand":[3407],"product_cat":[29,558],"product_tag":[3270],"class_list":{"0":"post-605283","1":"product","2":"type-product","3":"status-publish","4":"has-post-thumbnail","6":"product_brand-milwaukee","7":"product_cat-macchinari","8":"product_cat-seghe-accessori-vari","9":"product_tag-import-milwau","10":"sws-gruppo-macchinari-fr","11":"sws-conto-ricavi-merci-rivendita-macchinari-fr","12":"sws-gruppo-iva-iva81-fr","14":"first","15":"instock","16":"sale","17":"shipping-taxable","18":"purchasable","19":"product-type-simple"},"_links":{"self":[{"href":"https:\/\/lucacastelli.com\/fr\/wp-json\/wp\/v2\/product\/605283","targetHints":{"allow":["GET"]}}],"collection":[{"href":"https:\/\/lucacastelli.com\/fr\/wp-json\/wp\/v2\/product"}],"about":[{"href":"https:\/\/lucacastelli.com\/fr\/wp-json\/wp\/v2\/types\/product"}],"wp:featuredmedia":[{"embeddable":true,"href":"https:\/\/lucacastelli.com\/fr\/wp-json\/wp\/v2\/media\/485576"}],"wp:attachment":[{"href":"https:\/\/lucacastelli.com\/fr\/wp-json\/wp\/v2\/media?parent=605283"}],"wp:term":[{"taxonomy":"product_brand","embeddable":true,"href":"https:\/\/lucacastelli.com\/fr\/wp-json\/wp\/v2\/product_brand?post=605283"},{"taxonomy":"product_cat","embeddable":true,"href":"https:\/\/lucacastelli.com\/fr\/wp-json\/wp\/v2\/product_cat?post=605283"},{"taxonomy":"product_tag","embeddable":true,"href":"https:\/\/lucacastelli.com\/fr\/wp-json\/wp\/v2\/product_tag?post=605283"}],"curies":[{"name":"wp","href":"https:\/\/api.w.org\/{rel}","templated":true}]}}