{"id":605243,"date":"2025-07-12T17:54:45","date_gmt":"2025-07-12T15:54:45","guid":{"rendered":"https:\/\/lucacastelli.com\/prodotto\/lame-milwaukee-12\/"},"modified":"2025-07-12T17:54:45","modified_gmt":"2025-07-12T15:54:45","slug":"lame-milwaukee-12","status":"publish","type":"product","link":"https:\/\/lucacastelli.com\/fr\/produit\/lame-milwaukee-12\/","title":{"rendered":"Lame MILWAUKEE"},"content":{"rendered":"<p>Haute r\u00e9sistance et durabilit\u00e9;Convient aux profil\u00e9s en acier galvanis\u00e9;Ne convient pas aux profil\u00e9s en acier inoxydable.<\/p>\n","protected":false},"excerpt":{"rendered":"<p>Haute r\u00e9sistance et durabilit\u00e9;Convient aux profil\u00e9s en acier galvanis\u00e9;Ne convient pas aux profil\u00e9s en acier inoxydable.<\/p>\n","protected":false},"featured_media":485513,"template":"","meta":{"_seopress_robots_primary_cat":"","_seopress_titles_title":"","_seopress_titles_desc":"","_seopress_robots_index":""},"product_brand":[3407],"product_cat":[29,558],"product_tag":[3270],"class_list":{"0":"post-605243","1":"product","2":"type-product","3":"status-publish","4":"has-post-thumbnail","6":"product_brand-milwaukee","7":"product_cat-macchinari","8":"product_cat-seghe-accessori-vari","9":"product_tag-import-milwau","10":"sws-gruppo-macchinari-fr","11":"sws-conto-ricavi-merci-rivendita-macchinari-fr","12":"sws-gruppo-iva-iva81-fr","14":"first","15":"instock","16":"sale","17":"shipping-taxable","18":"purchasable","19":"product-type-simple"},"_links":{"self":[{"href":"https:\/\/lucacastelli.com\/fr\/wp-json\/wp\/v2\/product\/605243","targetHints":{"allow":["GET"]}}],"collection":[{"href":"https:\/\/lucacastelli.com\/fr\/wp-json\/wp\/v2\/product"}],"about":[{"href":"https:\/\/lucacastelli.com\/fr\/wp-json\/wp\/v2\/types\/product"}],"wp:featuredmedia":[{"embeddable":true,"href":"https:\/\/lucacastelli.com\/fr\/wp-json\/wp\/v2\/media\/485513"}],"wp:attachment":[{"href":"https:\/\/lucacastelli.com\/fr\/wp-json\/wp\/v2\/media?parent=605243"}],"wp:term":[{"taxonomy":"product_brand","embeddable":true,"href":"https:\/\/lucacastelli.com\/fr\/wp-json\/wp\/v2\/product_brand?post=605243"},{"taxonomy":"product_cat","embeddable":true,"href":"https:\/\/lucacastelli.com\/fr\/wp-json\/wp\/v2\/product_cat?post=605243"},{"taxonomy":"product_tag","embeddable":true,"href":"https:\/\/lucacastelli.com\/fr\/wp-json\/wp\/v2\/product_tag?post=605243"}],"curies":[{"name":"wp","href":"https:\/\/api.w.org\/{rel}","templated":true}]}}