{"id":605214,"date":"2025-07-12T17:54:42","date_gmt":"2025-07-12T15:54:42","guid":{"rendered":"https:\/\/lucacastelli.com\/prodotto\/milwaukee-support\/"},"modified":"2025-07-12T17:54:42","modified_gmt":"2025-07-12T15:54:42","slug":"milwaukee-support","status":"publish","type":"product","link":"https:\/\/lucacastelli.com\/fr\/produit\/milwaukee-support\/","title":{"rendered":"Milwaukee Support"},"content":{"rendered":"<p>Compatible avec la pompe hydraulique FORCE LOGIC\u2122;La barre extensible et les roulements en caoutchouc permettent une utilisation facile sur tous les godets ou paniers;La conception sym\u00e9trique de l&#8217;anneau de levage permet une utilisation des deux c\u00f4t\u00e9s du crochet;Maintient la pompe dans la position de fonctionnement id\u00e9ale et plate en lib\u00e9rant de l&#8217;espace \u00e0 l&#8217;int\u00e9rieur du support;Les anneaux de levage de taille standard permettent une utilisation avec les crochets de godet existants;La conception unique permet \u00e0 l&#8217;utilisateur d&#8217;ouvrir le compartiment de la batterie de la pompe alors qu&#8217;elle est log\u00e9e dans le support.<\/p>\n","protected":false},"excerpt":{"rendered":"<p>Compatible avec la pompe hydraulique FORCE LOGIC\u2122;La barre extensible et les roulements en caoutchouc permettent une utilisation facile sur tous<\/p>\n","protected":false},"featured_media":485498,"template":"","meta":{"_seopress_robots_primary_cat":"","_seopress_titles_title":"","_seopress_titles_desc":"","_seopress_robots_index":""},"product_brand":[3407],"product_cat":[29,558],"product_tag":[3270],"class_list":{"0":"post-605214","1":"product","2":"type-product","3":"status-publish","4":"has-post-thumbnail","6":"product_brand-milwaukee","7":"product_cat-macchinari","8":"product_cat-seghe-accessori-vari","9":"product_tag-import-milwau","10":"sws-gruppo-macchinari-fr","11":"sws-conto-ricavi-merci-rivendita-macchinari-fr","12":"sws-gruppo-iva-iva81-fr","14":"first","15":"instock","16":"sale","17":"shipping-taxable","18":"purchasable","19":"product-type-simple"},"_links":{"self":[{"href":"https:\/\/lucacastelli.com\/fr\/wp-json\/wp\/v2\/product\/605214","targetHints":{"allow":["GET"]}}],"collection":[{"href":"https:\/\/lucacastelli.com\/fr\/wp-json\/wp\/v2\/product"}],"about":[{"href":"https:\/\/lucacastelli.com\/fr\/wp-json\/wp\/v2\/types\/product"}],"wp:featuredmedia":[{"embeddable":true,"href":"https:\/\/lucacastelli.com\/fr\/wp-json\/wp\/v2\/media\/485498"}],"wp:attachment":[{"href":"https:\/\/lucacastelli.com\/fr\/wp-json\/wp\/v2\/media?parent=605214"}],"wp:term":[{"taxonomy":"product_brand","embeddable":true,"href":"https:\/\/lucacastelli.com\/fr\/wp-json\/wp\/v2\/product_brand?post=605214"},{"taxonomy":"product_cat","embeddable":true,"href":"https:\/\/lucacastelli.com\/fr\/wp-json\/wp\/v2\/product_cat?post=605214"},{"taxonomy":"product_tag","embeddable":true,"href":"https:\/\/lucacastelli.com\/fr\/wp-json\/wp\/v2\/product_tag?post=605214"}],"curies":[{"name":"wp","href":"https:\/\/api.w.org\/{rel}","templated":true}]}}