{"id":605164,"date":"2025-07-12T17:55:55","date_gmt":"2025-07-12T15:55:55","guid":{"rendered":"https:\/\/lucacastelli.com\/prodotto\/milwaukee-ruban-demeri-2\/"},"modified":"2025-07-12T17:55:55","modified_gmt":"2025-07-12T15:55:55","slug":"milwaukee-ruban-demeri-2","status":"publish","type":"product","link":"https:\/\/lucacastelli.com\/fr\/produit\/milwaukee-ruban-demeri-2\/","title":{"rendered":"Milwaukee Ruban d&#8217;\u00e9meri"},"content":{"rendered":"<p>Ruban \u00e9meri en tissu pour bois, m\u00e9tal, peinture, laque, pl\u00e2tre&nbsp;; Type de grain : oxyde d\u2019aluminium ; Reli\u00e9 avec de la r\u00e9sine artificielle sur un tissu sp\u00e9cial<\/p>\n","protected":false},"excerpt":{"rendered":"<p>Ruban \u00e9meri en tissu pour bois, m\u00e9tal, peinture, laque, pl\u00e2tre&nbsp;; Type de grain : oxyde d\u2019aluminium ; Reli\u00e9 avec de<\/p>\n","protected":false},"featured_media":486124,"template":"","meta":{"_seopress_robots_primary_cat":"","_seopress_titles_title":"","_seopress_titles_desc":"","_seopress_robots_index":""},"product_brand":[3407],"product_cat":[29,558],"product_tag":[3270],"class_list":{"0":"post-605164","1":"product","2":"type-product","3":"status-publish","4":"has-post-thumbnail","6":"product_brand-milwaukee","7":"product_cat-macchinari","8":"product_cat-seghe-accessori-vari","9":"product_tag-import-milwau","10":"sws-gruppo-macchinari-fr","11":"sws-conto-ricavi-merci-rivendita-macchinari-fr","12":"sws-gruppo-iva-iva81-fr","14":"first","15":"instock","16":"sale","17":"shipping-taxable","18":"purchasable","19":"product-type-simple"},"_links":{"self":[{"href":"https:\/\/lucacastelli.com\/fr\/wp-json\/wp\/v2\/product\/605164","targetHints":{"allow":["GET"]}}],"collection":[{"href":"https:\/\/lucacastelli.com\/fr\/wp-json\/wp\/v2\/product"}],"about":[{"href":"https:\/\/lucacastelli.com\/fr\/wp-json\/wp\/v2\/types\/product"}],"wp:featuredmedia":[{"embeddable":true,"href":"https:\/\/lucacastelli.com\/fr\/wp-json\/wp\/v2\/media\/486124"}],"wp:attachment":[{"href":"https:\/\/lucacastelli.com\/fr\/wp-json\/wp\/v2\/media?parent=605164"}],"wp:term":[{"taxonomy":"product_brand","embeddable":true,"href":"https:\/\/lucacastelli.com\/fr\/wp-json\/wp\/v2\/product_brand?post=605164"},{"taxonomy":"product_cat","embeddable":true,"href":"https:\/\/lucacastelli.com\/fr\/wp-json\/wp\/v2\/product_cat?post=605164"},{"taxonomy":"product_tag","embeddable":true,"href":"https:\/\/lucacastelli.com\/fr\/wp-json\/wp\/v2\/product_tag?post=605164"}],"curies":[{"name":"wp","href":"https:\/\/api.w.org\/{rel}","templated":true}]}}