{"id":605083,"date":"2025-08-10T18:02:49","date_gmt":"2025-08-10T16:02:49","guid":{"rendered":"https:\/\/lucacastelli.com\/prodotto\/milwaukee-protection-lames-scies-a-ruban\/"},"modified":"2025-08-10T18:02:49","modified_gmt":"2025-08-10T16:02:49","slug":"milwaukee-protection-lames-scies-a-ruban","status":"publish","type":"product","link":"https:\/\/lucacastelli.com\/fr\/produit\/milwaukee-protection-lames-scies-a-ruban\/","title":{"rendered":"MILWAUKEE Protection lames scies \u00e0 ruban"},"content":{"rendered":"<p>PROTECTION POUR LAME POUR M18 FBS85<br \/>\nS\u00e9curit\u00e9 : prot\u00e8ge l&#8217;utilisateur des blessures en emp\u00eachant tout acc\u00e8s \u00e0 la lame ;Durabilit\u00e9 de Jobsite Armor\u2122 &#8211; Le mat\u00e9riau composite absorbe les impacts et prot\u00e8ge l&#8217;outil ;Protection contre les d\u00e9bris &#8211; La protection prot\u00e8ge la lame et les poulies des d\u00e9bris et affecte les performances globales de la machine et de la lame ;Installation et retrait sans outils en quelques secondes ;Prolonge la dur\u00e9e de vie de la lame en la prot\u00e9geant des objets ext\u00e9rieurs<\/p>\n<p>4932472241<br \/>\n4058546326371<\/p>\n","protected":false},"excerpt":{"rendered":"<p>PROTECTION POUR LAME POUR M18 FBS85<\/p>\n","protected":false},"featured_media":539653,"template":"","meta":{"_seopress_robots_primary_cat":"","_seopress_titles_title":"","_seopress_titles_desc":"","_seopress_robots_index":""},"product_brand":[3658],"product_cat":[1453,167,1534],"product_tag":[3273],"class_list":{"0":"post-605083","1":"product","2":"type-product","3":"status-publish","4":"has-post-thumbnail","6":"product_brand-milwaukee-fr","7":"product_cat-autres-appareils","8":"product_cat-machines","9":"product_cat-scies","10":"product_tag-import-milwau-fr","11":"sws-conto-ricavi-merci-rivendita-macchinari-fr","12":"sws-gruppo-iva-iva81-fr","14":"first","15":"onbackorder","16":"shipping-taxable","17":"purchasable","18":"product-type-simple"},"_links":{"self":[{"href":"https:\/\/lucacastelli.com\/fr\/wp-json\/wp\/v2\/product\/605083","targetHints":{"allow":["GET"]}}],"collection":[{"href":"https:\/\/lucacastelli.com\/fr\/wp-json\/wp\/v2\/product"}],"about":[{"href":"https:\/\/lucacastelli.com\/fr\/wp-json\/wp\/v2\/types\/product"}],"wp:featuredmedia":[{"embeddable":true,"href":"https:\/\/lucacastelli.com\/fr\/wp-json\/wp\/v2\/media\/539653"}],"wp:attachment":[{"href":"https:\/\/lucacastelli.com\/fr\/wp-json\/wp\/v2\/media?parent=605083"}],"wp:term":[{"taxonomy":"product_brand","embeddable":true,"href":"https:\/\/lucacastelli.com\/fr\/wp-json\/wp\/v2\/product_brand?post=605083"},{"taxonomy":"product_cat","embeddable":true,"href":"https:\/\/lucacastelli.com\/fr\/wp-json\/wp\/v2\/product_cat?post=605083"},{"taxonomy":"product_tag","embeddable":true,"href":"https:\/\/lucacastelli.com\/fr\/wp-json\/wp\/v2\/product_tag?post=605083"}],"curies":[{"name":"wp","href":"https:\/\/api.w.org\/{rel}","templated":true}]}}