{"id":605078,"date":"2025-08-10T18:01:15","date_gmt":"2025-08-10T16:01:15","guid":{"rendered":"https:\/\/lucacastelli.com\/prodotto\/milwaukee-debroussailleuse-bike-fil-lame-m18-fuel\/"},"modified":"2025-08-10T18:01:15","modified_gmt":"2025-08-10T16:01:15","slug":"milwaukee-debroussailleuse-bike-fil-lame-m18-fuel","status":"publish","type":"product","link":"https:\/\/lucacastelli.com\/fr\/produit\/milwaukee-debroussailleuse-bike-fil-lame-m18-fuel\/","title":{"rendered":"MILWAUKEE D\u00e9broussailleuse Bike fil\/lame M18 FUEL\u2122"},"content":{"rendered":"<p>D\u00e9broussailleuse Bike fil\/lame M18 FUEL\u2122<br \/>\nM18 FBCU-802 \/ D\u00c9BROUSSAILLEUSES<br \/>\nPuissante d\u00e9broussailleuse con\u00e7ue pour la coupe de gazon, mauvaises herbes, buissons denses et arbustes jusqu&#8217;\u00e0 3 cm de diam\u00e8tre ; Atteint la vitesse maximale en moins de 1 seconde ; Comprend une bobine avec fil pour largeur de coupe r\u00e9glable de 35 \u00e0 40 cm et lame \u00e0 4 dents de 23 cm : peut monter aussi bien la lame que le fil ; 2 r\u00e9glages de vitesse (0-4900 \/ 0-6200) ; La poign\u00e9e bike et le harnais \u00e0 double \u00e9paule garantissent un confort maximal pour une utilisation prolong\u00e9e ; Design du prot\u00e8ge-lame de la d\u00e9broussailleuse optimis\u00e9 pour un meilleur confinement du mat\u00e9riau ; La technologie FUEL\u2122 red\u00e9finit les outils \u00e9lectriques sans fil. Le moteur brushless, l&#8217;\u00e9lectronique REDLINK PLUS\u2122 et le pack batterie REDLITHIUM\u2122 offrent des performances et une durabilit\u00e9 sup\u00e9rieures ; Fonctionne avec toutes les batteries M18\u2122 MILWAUKEE\u00ae <\/p>\n<p>4933499211<br \/>\n4058546563752<\/p>\n","protected":false},"excerpt":{"rendered":"<p>M18 FBCU-802 \/ D\u00c9BROUSSAILLEUSES<\/p>\n","protected":false},"featured_media":590676,"template":"","meta":{"_seopress_robots_primary_cat":"","_seopress_titles_title":"","_seopress_titles_desc":"","_seopress_robots_index":""},"product_brand":[3658],"product_cat":[1586,1601,167],"product_tag":[3273],"class_list":{"0":"post-605078","1":"product","2":"type-product","3":"status-publish","4":"has-post-thumbnail","6":"product_brand-milwaukee-fr","7":"product_cat-debroussailleuses-et-coupe-bordures","8":"product_cat-debroussailleuses-et-coupe-herbes-a-batterie","9":"product_cat-machines","10":"product_tag-import-milwau-fr","11":"sws-conto-ricavi-merci-rivendita-macchinari-fr","12":"sws-gruppo-iva-iva81-fr","14":"first","15":"onbackorder","16":"sale","17":"shipping-taxable","18":"purchasable","19":"product-type-simple"},"_links":{"self":[{"href":"https:\/\/lucacastelli.com\/fr\/wp-json\/wp\/v2\/product\/605078","targetHints":{"allow":["GET"]}}],"collection":[{"href":"https:\/\/lucacastelli.com\/fr\/wp-json\/wp\/v2\/product"}],"about":[{"href":"https:\/\/lucacastelli.com\/fr\/wp-json\/wp\/v2\/types\/product"}],"wp:featuredmedia":[{"embeddable":true,"href":"https:\/\/lucacastelli.com\/fr\/wp-json\/wp\/v2\/media\/590676"}],"wp:attachment":[{"href":"https:\/\/lucacastelli.com\/fr\/wp-json\/wp\/v2\/media?parent=605078"}],"wp:term":[{"taxonomy":"product_brand","embeddable":true,"href":"https:\/\/lucacastelli.com\/fr\/wp-json\/wp\/v2\/product_brand?post=605078"},{"taxonomy":"product_cat","embeddable":true,"href":"https:\/\/lucacastelli.com\/fr\/wp-json\/wp\/v2\/product_cat?post=605078"},{"taxonomy":"product_tag","embeddable":true,"href":"https:\/\/lucacastelli.com\/fr\/wp-json\/wp\/v2\/product_tag?post=605078"}],"curies":[{"name":"wp","href":"https:\/\/api.w.org\/{rel}","templated":true}]}}