{"id":605070,"date":"2025-08-10T18:06:11","date_gmt":"2025-08-10T16:06:11","guid":{"rendered":"https:\/\/lucacastelli.com\/prodotto\/milwaukee-extension-debroussailleuse-a-fil-pour-multi-outil-m18-foph\/"},"modified":"2025-08-10T18:06:11","modified_gmt":"2025-08-10T16:06:11","slug":"milwaukee-extension-debroussailleuse-a-fil-pour-multi-outil-m18-foph","status":"publish","type":"product","link":"https:\/\/lucacastelli.com\/fr\/produit\/milwaukee-extension-debroussailleuse-a-fil-pour-multi-outil-m18-foph\/","title":{"rendered":"MILWAUKEE Extension d\u00e9broussailleuse \u00e0 fil pour multi-outil M18 FOPH"},"content":{"rendered":"<p>M18 FOPH-LTA \/OUTILS JARDIN<br \/>\nExtension d\u00e9broussailleuse \u00e0 fil pour le multi-outil M18 FOPH;A la puissance pour couper les broussailles denses;38,6 cm de largeur de coupe;Insertion du fil simple et rapide : jusqu&#8217;\u00e0 7,6 m de fil de 2 mm ou 6,1 m de fil de 2,4 mm;Con\u00e7u pour r\u00e9pondre aux besoins de tous les professionnels de l&#8217;entretien paysager;R\u00e9sistant, pour une autonomie maximale<\/p>\n<p>4932464955<br \/>\n4058546229009<\/p>\n","protected":false},"excerpt":{"rendered":"<p>M18 FOPH-LTA \/OUTILS JARDIN<\/p>\n","protected":false},"featured_media":530400,"template":"","meta":{"_seopress_robots_primary_cat":"","_seopress_titles_title":"","_seopress_titles_desc":"","_seopress_robots_index":""},"product_brand":[3407],"product_cat":[29,296],"product_tag":[3270],"class_list":{"0":"post-605070","1":"product","2":"type-product","3":"status-publish","4":"has-post-thumbnail","6":"product_brand-milwaukee","7":"product_cat-macchinari","8":"product_cat-sistemi-kombi-e-multi","9":"product_tag-import-milwau","10":"sws-conto-ricavi-merci-rivendita-macchinari-fr","11":"sws-gruppo-iva-iva81-fr","13":"first","14":"onbackorder","15":"sale","16":"shipping-taxable","17":"purchasable","18":"product-type-simple"},"_links":{"self":[{"href":"https:\/\/lucacastelli.com\/fr\/wp-json\/wp\/v2\/product\/605070","targetHints":{"allow":["GET"]}}],"collection":[{"href":"https:\/\/lucacastelli.com\/fr\/wp-json\/wp\/v2\/product"}],"about":[{"href":"https:\/\/lucacastelli.com\/fr\/wp-json\/wp\/v2\/types\/product"}],"wp:featuredmedia":[{"embeddable":true,"href":"https:\/\/lucacastelli.com\/fr\/wp-json\/wp\/v2\/media\/530400"}],"wp:attachment":[{"href":"https:\/\/lucacastelli.com\/fr\/wp-json\/wp\/v2\/media?parent=605070"}],"wp:term":[{"taxonomy":"product_brand","embeddable":true,"href":"https:\/\/lucacastelli.com\/fr\/wp-json\/wp\/v2\/product_brand?post=605070"},{"taxonomy":"product_cat","embeddable":true,"href":"https:\/\/lucacastelli.com\/fr\/wp-json\/wp\/v2\/product_cat?post=605070"},{"taxonomy":"product_tag","embeddable":true,"href":"https:\/\/lucacastelli.com\/fr\/wp-json\/wp\/v2\/product_tag?post=605070"}],"curies":[{"name":"wp","href":"https:\/\/api.w.org\/{rel}","templated":true}]}}