{"id":605066,"date":"2025-08-10T18:07:39","date_gmt":"2025-08-10T16:07:39","guid":{"rendered":"https:\/\/lucacastelli.com\/prodotto\/milwaukee-telemetre-laser-50m\/"},"modified":"2025-08-10T18:07:39","modified_gmt":"2025-08-10T16:07:39","slug":"milwaukee-telemetre-laser-50m","status":"publish","type":"product","link":"https:\/\/lucacastelli.com\/fr\/produit\/milwaukee-telemetre-laser-50m\/","title":{"rendered":"MILWAUKEE T\u00e9l\u00e9m\u00e8tre laser 50m"},"content":{"rendered":"<p>LDM 50\/T\u00c9L\u00c9M\u00c8TRES<br \/>\nUtilisation simple et intuitive;Design fin avec clip ceinture;Mesure de surface \/ volumes \/ hauteur indirecte et superficie;Fonction Min\/max;Calcul d&#8217;additions et soustractions;Mesure de hauteurs indirectes (Pythagore 2 et 3 points, hauteur partielle);Grand \u00e9cran LCD 3 lignes r\u00e9tro\u00e9clair\u00e9;\u00c9querre repliable pour effectuer des mesures depuis les angles;M\u00e9moire des 20 derni\u00e8res mesures;Degr\u00e9 de protection contre l&#8217;eau et les poussi\u00e8res IP54;Extinction automatique et indication de charge faible;Unit\u00e9 de mesure m\u00e9trique<\/p>\n<p>4933447700<br \/>\n4002395006540<\/p>\n","protected":false},"excerpt":{"rendered":"<p>LDM 50\/T\u00c9L\u00c9M\u00c8TRES<\/p>\n","protected":false},"featured_media":570708,"template":"","meta":{"_seopress_robots_primary_cat":"","_seopress_titles_title":"","_seopress_titles_desc":"","_seopress_robots_index":""},"product_brand":[3407],"product_cat":[29,514,551],"product_tag":[3270],"class_list":{"0":"post-605066","1":"product","2":"type-product","3":"status-publish","4":"has-post-thumbnail","6":"product_brand-milwaukee","7":"product_cat-macchinari","8":"product_cat-altri-dispositivi","9":"product_cat-apparecchi-di-misurazione","10":"product_tag-import-milwau","11":"sws-conto-ricavi-merci-rivendita-macchinari-fr","12":"sws-gruppo-iva-iva81-fr","14":"first","15":"onbackorder","16":"sale","17":"shipping-taxable","18":"purchasable","19":"product-type-simple"},"_links":{"self":[{"href":"https:\/\/lucacastelli.com\/fr\/wp-json\/wp\/v2\/product\/605066","targetHints":{"allow":["GET"]}}],"collection":[{"href":"https:\/\/lucacastelli.com\/fr\/wp-json\/wp\/v2\/product"}],"about":[{"href":"https:\/\/lucacastelli.com\/fr\/wp-json\/wp\/v2\/types\/product"}],"wp:featuredmedia":[{"embeddable":true,"href":"https:\/\/lucacastelli.com\/fr\/wp-json\/wp\/v2\/media\/570708"}],"wp:attachment":[{"href":"https:\/\/lucacastelli.com\/fr\/wp-json\/wp\/v2\/media?parent=605066"}],"wp:term":[{"taxonomy":"product_brand","embeddable":true,"href":"https:\/\/lucacastelli.com\/fr\/wp-json\/wp\/v2\/product_brand?post=605066"},{"taxonomy":"product_cat","embeddable":true,"href":"https:\/\/lucacastelli.com\/fr\/wp-json\/wp\/v2\/product_cat?post=605066"},{"taxonomy":"product_tag","embeddable":true,"href":"https:\/\/lucacastelli.com\/fr\/wp-json\/wp\/v2\/product_tag?post=605066"}],"curies":[{"name":"wp","href":"https:\/\/api.w.org\/{rel}","templated":true}]}}