{"id":605064,"date":"2025-08-10T18:06:18","date_gmt":"2025-08-10T16:06:18","guid":{"rendered":"https:\/\/lucacastelli.com\/prodotto\/milwaukee-extension-rouleau-brosse-a-soies-pour-multi-outil-m18-foph\/"},"modified":"2025-08-10T18:06:18","modified_gmt":"2025-08-10T16:06:18","slug":"milwaukee-extension-rouleau-brosse-a-soies-pour-multi-outil-m18-foph","status":"publish","type":"product","link":"https:\/\/lucacastelli.com\/fr\/produit\/milwaukee-extension-rouleau-brosse-a-soies-pour-multi-outil-m18-foph\/","title":{"rendered":"MILWAUKEE Extension Rouleau brosse \u00e0 soies pour multi-outil M18 FOPH"},"content":{"rendered":"<p>M18 FOPH-BBA \/OUTILS DE JARDIN<br \/>\nPermet un nettoyage facile des feuilles mouill\u00e9es, cailloux, salet\u00e9, sable, paillis et autres d\u00e9bris sur gazon synth\u00e9tique et surfaces dures comme trottoirs, routes, all\u00e9es et terrasses ; Nettoie efficacement m\u00eame entre les fissures des trottoirs ou sols ; Rotation antihoraire du rouleau pour balayer le mat\u00e9riau frontalement, dans la direction oppos\u00e9e \u00e0 l&#8217;op\u00e9rateur ; Largeur de nettoyage de 58 cm, pour une productivit\u00e9 maximale en un seul passage ; Brosses \u00e0 soies robustes pour une durabilit\u00e9 maximale ; Protection au-dessus du rouleau pour un meilleur confinement de la salet\u00e9 et des d\u00e9bris ; Adapt\u00e9 pour l&#8217;entretien du gazon synth\u00e9tique ; Vitesse maximale en moins d&#8217;1 seconde ; Rouleau brosse \u00e0 soies M18 FUEL\u2122 pour multi-outil de jardin M18 FOPH<\/p>\n<p>4932479985<br \/>\n4058546377793<\/p>\n","protected":false},"excerpt":{"rendered":"<p>M18 FOPH-BBA \/OUTILS DE JARDIN<\/p>\n","protected":false},"featured_media":545694,"template":"","meta":{"_seopress_robots_primary_cat":"","_seopress_titles_title":"","_seopress_titles_desc":"","_seopress_robots_index":""},"product_brand":[3658],"product_cat":[167,1638],"product_tag":[3273],"class_list":{"0":"post-605064","1":"product","2":"type-product","3":"status-publish","4":"has-post-thumbnail","6":"product_brand-milwaukee-fr","7":"product_cat-machines","8":"product_cat-systemes-kombi-et-multi","9":"product_tag-import-milwau-fr","10":"sws-conto-ricavi-merci-rivendita-macchinari-fr","11":"sws-gruppo-iva-iva81-fr","13":"first","14":"onbackorder","15":"sale","16":"shipping-taxable","17":"purchasable","18":"product-type-simple"},"_links":{"self":[{"href":"https:\/\/lucacastelli.com\/fr\/wp-json\/wp\/v2\/product\/605064","targetHints":{"allow":["GET"]}}],"collection":[{"href":"https:\/\/lucacastelli.com\/fr\/wp-json\/wp\/v2\/product"}],"about":[{"href":"https:\/\/lucacastelli.com\/fr\/wp-json\/wp\/v2\/types\/product"}],"wp:featuredmedia":[{"embeddable":true,"href":"https:\/\/lucacastelli.com\/fr\/wp-json\/wp\/v2\/media\/545694"}],"wp:attachment":[{"href":"https:\/\/lucacastelli.com\/fr\/wp-json\/wp\/v2\/media?parent=605064"}],"wp:term":[{"taxonomy":"product_brand","embeddable":true,"href":"https:\/\/lucacastelli.com\/fr\/wp-json\/wp\/v2\/product_brand?post=605064"},{"taxonomy":"product_cat","embeddable":true,"href":"https:\/\/lucacastelli.com\/fr\/wp-json\/wp\/v2\/product_cat?post=605064"},{"taxonomy":"product_tag","embeddable":true,"href":"https:\/\/lucacastelli.com\/fr\/wp-json\/wp\/v2\/product_tag?post=605064"}],"curies":[{"name":"wp","href":"https:\/\/api.w.org\/{rel}","templated":true}]}}