{"id":605063,"date":"2025-08-10T18:06:17","date_gmt":"2025-08-10T16:06:17","guid":{"rendered":"https:\/\/lucacastelli.com\/prodotto\/milwaukee-extension-rouleau-brosse-en-caoutchouc-pour-multi-outil-m18-foph\/"},"modified":"2025-08-10T18:06:17","modified_gmt":"2025-08-10T16:06:17","slug":"milwaukee-extension-rouleau-brosse-en-caoutchouc-pour-multi-outil-m18-foph","status":"publish","type":"product","link":"https:\/\/lucacastelli.com\/fr\/produit\/milwaukee-extension-rouleau-brosse-en-caoutchouc-pour-multi-outil-m18-foph\/","title":{"rendered":"MILWAUKEE Extension Rouleau brosse en caoutchouc pour multi-outil M18 FOPH"},"content":{"rendered":"<p>M18 FOPH-RBA \/OUTILS DE JARDIN<br \/>\nPermet un nettoyage facile des pierres, feuilles, salet\u00e9s, paillis et autres d\u00e9bris sur les pelouses et surfaces dures comme les trottoirs, routes, all\u00e9es et terrasses ;Capable d&#8217;\u00e9liminer l&#8217;eau stagnante ou la neige d&#8217;une \u00ab hauteur maximale de 7,5 cm ;Largeur de nettoyage de 58 cm, pour une productivit\u00e9 maximale en un seul passage ;Palettes en caoutchouc robustes pour une durabilit\u00e9 maximale ;Protection au-dessus du rouleau pour un meilleur confinement de la salet\u00e9 et des d\u00e9bris ;Rotation antihoraire du rouleau pour balayer le mat\u00e9riau vers l&#8217;avant, dans la direction oppos\u00e9e \u00e0 celle de l \u00bb op\u00e9rateur ;Vitesse maximale en moins d&#8217;1 seconde ;Rouleau brosse en caoutchouc M18 FUEL\u2122 pour multi-outil de jardin M18 FOPH<\/p>\n<p>4932479984<br \/>\n4058546377786<\/p>\n","protected":false},"excerpt":{"rendered":"<p>M18 FOPH-RBA \/OUTILS DE JARDIN<\/p>\n","protected":false},"featured_media":545669,"template":"","meta":{"_seopress_robots_primary_cat":"","_seopress_titles_title":"","_seopress_titles_desc":"","_seopress_robots_index":""},"product_brand":[3407],"product_cat":[29,296],"product_tag":[3270],"class_list":{"0":"post-605063","1":"product","2":"type-product","3":"status-publish","4":"has-post-thumbnail","6":"product_brand-milwaukee","7":"product_cat-macchinari","8":"product_cat-sistemi-kombi-e-multi","9":"product_tag-import-milwau","10":"sws-conto-ricavi-merci-rivendita-macchinari-fr","11":"sws-gruppo-iva-iva81-fr","13":"first","14":"onbackorder","15":"sale","16":"shipping-taxable","17":"purchasable","18":"product-type-simple"},"_links":{"self":[{"href":"https:\/\/lucacastelli.com\/fr\/wp-json\/wp\/v2\/product\/605063","targetHints":{"allow":["GET"]}}],"collection":[{"href":"https:\/\/lucacastelli.com\/fr\/wp-json\/wp\/v2\/product"}],"about":[{"href":"https:\/\/lucacastelli.com\/fr\/wp-json\/wp\/v2\/types\/product"}],"wp:featuredmedia":[{"embeddable":true,"href":"https:\/\/lucacastelli.com\/fr\/wp-json\/wp\/v2\/media\/545669"}],"wp:attachment":[{"href":"https:\/\/lucacastelli.com\/fr\/wp-json\/wp\/v2\/media?parent=605063"}],"wp:term":[{"taxonomy":"product_brand","embeddable":true,"href":"https:\/\/lucacastelli.com\/fr\/wp-json\/wp\/v2\/product_brand?post=605063"},{"taxonomy":"product_cat","embeddable":true,"href":"https:\/\/lucacastelli.com\/fr\/wp-json\/wp\/v2\/product_cat?post=605063"},{"taxonomy":"product_tag","embeddable":true,"href":"https:\/\/lucacastelli.com\/fr\/wp-json\/wp\/v2\/product_tag?post=605063"}],"curies":[{"name":"wp","href":"https:\/\/api.w.org\/{rel}","templated":true}]}}