{"id":605061,"date":"2025-08-10T18:16:58","date_gmt":"2025-08-10T16:16:58","guid":{"rendered":"https:\/\/lucacastelli.com\/prodotto\/milwaukee-projecteur-m12-packout-1-400-lumens\/"},"modified":"2025-08-10T18:16:58","modified_gmt":"2025-08-10T16:16:58","slug":"milwaukee-projecteur-m12-packout-1-400-lumens","status":"publish","type":"product","link":"https:\/\/lucacastelli.com\/fr\/produit\/milwaukee-projecteur-m12-packout-1-400-lumens\/","title":{"rendered":"MILWAUKEE Projecteur M12\u2122 PACKOUT\u2122 1 400 lumens"},"content":{"rendered":"<p>M12 POAL-0 \/\u00c9CLAIRAGE<br \/>\n1 400 lumens d&#8217;\u00e9clairage haute d\u00e9finition TRUEVIEW\u2122 ;Classification IP54 pour protection contre la poussi\u00e8re et l&#8217;eau ;3 modes pour gestion de la puissance lumineuse et de l&#8217;autonomie ;Rotation de 300\u00b0 en horizontal et 180\u00b0 en vertical pour diriger la lumi\u00e8re o\u00f9 n\u00e9cessaire ;Crochet m\u00e9tallique pour fixation facile du projecteur en hauteur ;Compartiment interne pour appareils et petits objets ;Compatible avec le syst\u00e8me modulaire PACKOUT\u2122 (peut \u00eatre plac\u00e9 uniquement au sommet d&#8217;une pile PACKOUT\u2122) ;Fonctionne comme chargeur d&#8217;appareils \u00e9lectroniques via port USB-C et USB-A de 2,1 Ah ;Indicateur de batterie clignote quand elle se d\u00e9charge ;Fonctionne avec toutes les batteries M12\u2122 MILWAUKEE\u00ae<\/p>\n<p>4933480473<br \/>\n4058546407582<\/p>\n","protected":false},"excerpt":{"rendered":"<p>M12 POAL-0 \/\u00c9CLAIRAGE<\/p>\n","protected":false},"featured_media":582546,"template":"","meta":{"_seopress_robots_primary_cat":"","_seopress_titles_title":"","_seopress_titles_desc":"","_seopress_robots_index":""},"product_brand":[3407],"product_cat":[5531,29,514],"product_tag":[3270],"class_list":{"0":"post-605061","1":"product","2":"type-product","3":"status-publish","4":"has-post-thumbnail","6":"product_brand-milwaukee","7":"product_cat-vari-macchinari-milwaukee","8":"product_cat-macchinari","9":"product_cat-altri-dispositivi","10":"product_tag-import-milwau","11":"sws-conto-ricavi-merci-rivendita-macchinari-fr","12":"sws-gruppo-iva-iva81-fr","14":"first","15":"onbackorder","16":"sale","17":"shipping-taxable","18":"purchasable","19":"product-type-simple"},"_links":{"self":[{"href":"https:\/\/lucacastelli.com\/fr\/wp-json\/wp\/v2\/product\/605061","targetHints":{"allow":["GET"]}}],"collection":[{"href":"https:\/\/lucacastelli.com\/fr\/wp-json\/wp\/v2\/product"}],"about":[{"href":"https:\/\/lucacastelli.com\/fr\/wp-json\/wp\/v2\/types\/product"}],"wp:featuredmedia":[{"embeddable":true,"href":"https:\/\/lucacastelli.com\/fr\/wp-json\/wp\/v2\/media\/582546"}],"wp:attachment":[{"href":"https:\/\/lucacastelli.com\/fr\/wp-json\/wp\/v2\/media?parent=605061"}],"wp:term":[{"taxonomy":"product_brand","embeddable":true,"href":"https:\/\/lucacastelli.com\/fr\/wp-json\/wp\/v2\/product_brand?post=605061"},{"taxonomy":"product_cat","embeddable":true,"href":"https:\/\/lucacastelli.com\/fr\/wp-json\/wp\/v2\/product_cat?post=605061"},{"taxonomy":"product_tag","embeddable":true,"href":"https:\/\/lucacastelli.com\/fr\/wp-json\/wp\/v2\/product_tag?post=605061"}],"curies":[{"name":"wp","href":"https:\/\/api.w.org\/{rel}","templated":true}]}}