{"id":605054,"date":"2025-08-10T18:16:55","date_gmt":"2025-08-10T16:16:55","guid":{"rendered":"https:\/\/lucacastelli.com\/prodotto\/milwaukee-projecteur-led-m18-avec-power-bank\/"},"modified":"2025-08-10T18:16:55","modified_gmt":"2025-08-10T16:16:55","slug":"milwaukee-projecteur-led-m18-avec-power-bank","status":"publish","type":"product","link":"https:\/\/lucacastelli.com\/fr\/produit\/milwaukee-projecteur-led-m18-avec-power-bank\/","title":{"rendered":"MILWAUKEE Projecteur LED M18\u2122 avec power bank"},"content":{"rendered":"<p>M18 ALIS-0\/\u00c9CLAIRAGE<br \/>\n1 000 Lumens d&#8217;\u00e9clairage haute d\u00e9finition TRUEVIEW\u2122 : fournit une pr\u00e9cision maximale des couleurs, un faisceau lumineux optimis\u00e9 et une repr\u00e9sentation fid\u00e8le des couleurs et d\u00e9tails ; 12 heures d&#8217;autonomie \u00e0 puissance maximale avec batterie M18 B5 (22 heures \u00e0 500 Lumens) ; Fonctionne comme Power Bank pour appareils \u00e9lectroniques gr\u00e2ce \u00e0 la double sortie USB-C et USB-A ; Crochet int\u00e9gr\u00e9 ; Possibilit\u00e9 d&#8217;orienter la t\u00eate horizontalement et verticalement ; La solution d&#8217;\u00e9clairage la plus compacte sur plateforme M18\u2122 : plus petite qu&#8217;une batterie de 5 Ah ; Fonctionne avec toutes les batteries M18\u2122 MILWAUKEE\u00ae<\/p>\n<p>4933498148<br \/>\n4058546513085<\/p>\n","protected":false},"excerpt":{"rendered":"<p>M18 ALIS-0\/\u00c9CLAIRAGE<\/p>\n","protected":false},"featured_media":587193,"template":"","meta":{"_seopress_robots_primary_cat":"","_seopress_titles_title":"","_seopress_titles_desc":"","_seopress_robots_index":""},"product_brand":[3407],"product_cat":[5531,29,514],"product_tag":[3270],"class_list":{"0":"post-605054","1":"product","2":"type-product","3":"status-publish","4":"has-post-thumbnail","6":"product_brand-milwaukee","7":"product_cat-vari-macchinari-milwaukee","8":"product_cat-macchinari","9":"product_cat-altri-dispositivi","10":"product_tag-import-milwau","11":"sws-conto-ricavi-merci-rivendita-macchinari-fr","12":"sws-gruppo-iva-iva81-fr","14":"first","15":"onbackorder","16":"sale","17":"shipping-taxable","18":"purchasable","19":"product-type-simple"},"_links":{"self":[{"href":"https:\/\/lucacastelli.com\/fr\/wp-json\/wp\/v2\/product\/605054","targetHints":{"allow":["GET"]}}],"collection":[{"href":"https:\/\/lucacastelli.com\/fr\/wp-json\/wp\/v2\/product"}],"about":[{"href":"https:\/\/lucacastelli.com\/fr\/wp-json\/wp\/v2\/types\/product"}],"wp:featuredmedia":[{"embeddable":true,"href":"https:\/\/lucacastelli.com\/fr\/wp-json\/wp\/v2\/media\/587193"}],"wp:attachment":[{"href":"https:\/\/lucacastelli.com\/fr\/wp-json\/wp\/v2\/media?parent=605054"}],"wp:term":[{"taxonomy":"product_brand","embeddable":true,"href":"https:\/\/lucacastelli.com\/fr\/wp-json\/wp\/v2\/product_brand?post=605054"},{"taxonomy":"product_cat","embeddable":true,"href":"https:\/\/lucacastelli.com\/fr\/wp-json\/wp\/v2\/product_cat?post=605054"},{"taxonomy":"product_tag","embeddable":true,"href":"https:\/\/lucacastelli.com\/fr\/wp-json\/wp\/v2\/product_tag?post=605054"}],"curies":[{"name":"wp","href":"https:\/\/api.w.org\/{rel}","templated":true}]}}