{"id":605053,"date":"2025-08-10T17:58:26","date_gmt":"2025-08-10T15:58:26","guid":{"rendered":"https:\/\/lucacastelli.com\/prodotto\/milwaukee-alimentateur-automatique-switch-pack-pour-debouchoirs-m18-ffsdc\/"},"modified":"2025-08-10T17:58:26","modified_gmt":"2025-08-10T15:58:26","slug":"milwaukee-alimentateur-automatique-switch-pack-pour-debouchoirs-m18-ffsdc","status":"publish","type":"product","link":"https:\/\/lucacastelli.com\/fr\/produit\/milwaukee-alimentateur-automatique-switch-pack-pour-debouchoirs-m18-ffsdc\/","title":{"rendered":"MILWAUKEE Alimentateur automatique SWITCH PACK\u2122 pour d\u00e9bouchoirs M18 FFSDC"},"content":{"rendered":"<p>ALIMENTATEUR AUTOM D\u00c9BOUCHOIRS M18FFSDC<br \/>\nCompatible avec tous les d\u00e9bouchoirs de la gamme FFSDC, l&#8217;alimentateur automatique SWITCH PACK\u2122 permet \u00e0 l&#8217;utilisateur d&#8217;am\u00e9liorer sa gamme de M18 FFSDC, en fournissant un alimentateur automatique aux d\u00e9bouchoirs ; Compatible avec les spirales MILWAUKEE\u00a9 8 mm x 23 m, 10 mm x 15 m, 13 mm x 15 m et 16 mm x 15 m ; Syst\u00e8me RAPIDSTOP\u2122 pour interrompre \u00ab l&#8217;alimentation lorsque l&#8217;obstruction est atteinte \u00bb, con\u00e7u pour pr\u00e9venir l&#8217;endommagement de la spirale ; Levier \u00e0 cliquet pour r\u00e9gler automatiquement la spirale ; Activation r\u00e9glable en alimentation, r\u00e9traction et au point mort ; Vitesse d&#8217;avancement et de r\u00e9traction de 4,5 m &#8211; 6 m par minute ; Capacit\u00e9 d&#8217;alimenter\/r\u00e9tracter automatiquement la spirale manuellement ou automatiquement ; Facilit\u00e9 d&#8217;\u00e9change de l&#8217;alimentateur entre diff\u00e9rents tambours ; Fourni avec 1 plaque de base<\/p>\n<p>4932471993<br \/>\n4058546298920<\/p>\n","protected":false},"excerpt":{"rendered":"<p>ALIMENTATEUR AUTOM D\u00c9BOUCHOIRS M18FFSDC<\/p>\n","protected":false},"featured_media":538714,"template":"","meta":{"_seopress_robots_primary_cat":"","_seopress_titles_title":"","_seopress_titles_desc":"","_seopress_robots_index":""},"product_brand":[3407],"product_cat":[29,491],"product_tag":[3270],"class_list":{"0":"post-605053","1":"product","2":"type-product","3":"status-publish","4":"has-post-thumbnail","6":"product_brand-milwaukee","7":"product_cat-macchinari","8":"product_cat-accessori-sistemi-a-batteria","9":"product_tag-import-milwau","10":"sws-conto-ricavi-merci-rivendita-macchinari-fr","11":"sws-gruppo-iva-iva81-fr","13":"first","14":"onbackorder","15":"sale","16":"shipping-taxable","17":"purchasable","18":"product-type-simple"},"_links":{"self":[{"href":"https:\/\/lucacastelli.com\/fr\/wp-json\/wp\/v2\/product\/605053","targetHints":{"allow":["GET"]}}],"collection":[{"href":"https:\/\/lucacastelli.com\/fr\/wp-json\/wp\/v2\/product"}],"about":[{"href":"https:\/\/lucacastelli.com\/fr\/wp-json\/wp\/v2\/types\/product"}],"wp:featuredmedia":[{"embeddable":true,"href":"https:\/\/lucacastelli.com\/fr\/wp-json\/wp\/v2\/media\/538714"}],"wp:attachment":[{"href":"https:\/\/lucacastelli.com\/fr\/wp-json\/wp\/v2\/media?parent=605053"}],"wp:term":[{"taxonomy":"product_brand","embeddable":true,"href":"https:\/\/lucacastelli.com\/fr\/wp-json\/wp\/v2\/product_brand?post=605053"},{"taxonomy":"product_cat","embeddable":true,"href":"https:\/\/lucacastelli.com\/fr\/wp-json\/wp\/v2\/product_cat?post=605053"},{"taxonomy":"product_tag","embeddable":true,"href":"https:\/\/lucacastelli.com\/fr\/wp-json\/wp\/v2\/product_tag?post=605053"}],"curies":[{"name":"wp","href":"https:\/\/api.w.org\/{rel}","templated":true}]}}