{"id":605051,"date":"2025-08-10T18:17:00","date_gmt":"2025-08-10T16:17:00","guid":{"rendered":"https:\/\/lucacastelli.com\/prodotto\/milwaukee-secateur-ebrancheur-m12-brushless\/"},"modified":"2025-08-10T18:17:00","modified_gmt":"2025-08-10T16:17:00","slug":"milwaukee-secateur-ebrancheur-m12-brushless","status":"publish","type":"product","link":"https:\/\/lucacastelli.com\/fr\/produit\/milwaukee-secateur-ebrancheur-m12-brushless\/","title":{"rendered":"MILWAUKEE S\u00e9cateur \u00e9brancheur M12\u2122 brushless"},"content":{"rendered":"<p>M12BLPRS-0\/OUTILS DE JARDIN<br \/>\nCapable de couper des branches jusqu&#8217;\u00e0 32 mm de diam\u00e8tre ;Interrupteur avec coupe progressive : \u00ab l&#8217;ouverture de la lame varie selon la pression exerc\u00e9e ;Aucune fatigue par rapport aux cisailles manuelles, id\u00e9al pour les applications prolong\u00e9es ;Deux modes d&#8217;ouverture de lame : capacit\u00e9 maximale de 32 mm ou demi-capacit\u00e9 de 16 mm, pour des coupes plus rapides ;Plus de 1 000 coupes sur des branches de 12,5 mm avec 1 batterie M12 B2 ;Sangle de poignet incluse pour une meilleure maniabilit\u00e9 de l \u00bb outil ;Fonctionne avec toutes les batteries M12\u2122 MILWAUKEE\u00ae<\/p>\n<p>4933480114<br \/>\n4058546403997<\/p>\n","protected":false},"excerpt":{"rendered":"<p>M12BLPRS-0\/OUTILS DE JARDIN<\/p>\n","protected":false},"featured_media":582261,"template":"","meta":{"_seopress_robots_primary_cat":"","_seopress_titles_title":"","_seopress_titles_desc":"","_seopress_robots_index":""},"product_brand":[3407],"product_cat":[5531,29,514],"product_tag":[3270],"class_list":{"0":"post-605051","1":"product","2":"type-product","3":"status-publish","4":"has-post-thumbnail","6":"product_brand-milwaukee","7":"product_cat-vari-macchinari-milwaukee","8":"product_cat-macchinari","9":"product_cat-altri-dispositivi","10":"product_tag-import-milwau","11":"sws-conto-ricavi-merci-rivendita-macchinari-fr","12":"sws-gruppo-iva-iva81-fr","14":"first","15":"onbackorder","16":"sale","17":"shipping-taxable","18":"purchasable","19":"product-type-simple"},"_links":{"self":[{"href":"https:\/\/lucacastelli.com\/fr\/wp-json\/wp\/v2\/product\/605051","targetHints":{"allow":["GET"]}}],"collection":[{"href":"https:\/\/lucacastelli.com\/fr\/wp-json\/wp\/v2\/product"}],"about":[{"href":"https:\/\/lucacastelli.com\/fr\/wp-json\/wp\/v2\/types\/product"}],"wp:featuredmedia":[{"embeddable":true,"href":"https:\/\/lucacastelli.com\/fr\/wp-json\/wp\/v2\/media\/582261"}],"wp:attachment":[{"href":"https:\/\/lucacastelli.com\/fr\/wp-json\/wp\/v2\/media?parent=605051"}],"wp:term":[{"taxonomy":"product_brand","embeddable":true,"href":"https:\/\/lucacastelli.com\/fr\/wp-json\/wp\/v2\/product_brand?post=605051"},{"taxonomy":"product_cat","embeddable":true,"href":"https:\/\/lucacastelli.com\/fr\/wp-json\/wp\/v2\/product_cat?post=605051"},{"taxonomy":"product_tag","embeddable":true,"href":"https:\/\/lucacastelli.com\/fr\/wp-json\/wp\/v2\/product_tag?post=605051"}],"curies":[{"name":"wp","href":"https:\/\/api.w.org\/{rel}","templated":true}]}}