{"id":605050,"date":"2025-08-10T18:21:06","date_gmt":"2025-08-10T16:21:06","guid":{"rendered":"https:\/\/lucacastelli.com\/prodotto\/milwaukee-goniometre-numerique\/"},"modified":"2025-08-10T18:21:06","modified_gmt":"2025-08-10T16:21:06","slug":"milwaukee-goniometre-numerique","status":"publish","type":"product","link":"https:\/\/lucacastelli.com\/fr\/produit\/milwaukee-goniometre-numerique\/","title":{"rendered":"MILWAUKEE Goniom\u00e8tre num\u00e9rique"},"content":{"rendered":"<p>Jauge d&#8217;angle num\u00e9rique<br \/>\nL&#8217;appareil offre une navigation num\u00e9rique facile gr\u00e2ce \u00e0 l&#8217;affichage clair des fonctions et des informations ; L&#8217;\u00e9cran pivote automatiquement et les fl\u00e8ches de guidage d&#8217;angle pointent vers les angles de 90 degr\u00e9s les plus proches pour d\u00e9terminer rapidement les angles ; Aimants renforc\u00e9s en terres rares : adh\u00e8rent solidement ind\u00e9pendamment de l&#8217;orientation et augmentent la productivit\u00e9<\/p>\n<p>4932493656<br \/>\n4058546485276<\/p>\n","protected":false},"excerpt":{"rendered":"<p>Jauge d&#8217;angle num\u00e9rique<\/p>\n","protected":false},"featured_media":563107,"template":"","meta":{"_seopress_robots_primary_cat":"","_seopress_titles_title":"","_seopress_titles_desc":"","_seopress_robots_index":""},"product_brand":[3407],"product_cat":[29,514,551],"product_tag":[3270],"class_list":{"0":"post-605050","1":"product","2":"type-product","3":"status-publish","4":"has-post-thumbnail","6":"product_brand-milwaukee","7":"product_cat-macchinari","8":"product_cat-altri-dispositivi","9":"product_cat-apparecchi-di-misurazione","10":"product_tag-import-milwau","11":"sws-conto-ricavi-merci-rivendita-macchinari-fr","12":"sws-gruppo-iva-iva81-fr","14":"first","15":"onbackorder","16":"shipping-taxable","17":"purchasable","18":"product-type-simple"},"_links":{"self":[{"href":"https:\/\/lucacastelli.com\/fr\/wp-json\/wp\/v2\/product\/605050","targetHints":{"allow":["GET"]}}],"collection":[{"href":"https:\/\/lucacastelli.com\/fr\/wp-json\/wp\/v2\/product"}],"about":[{"href":"https:\/\/lucacastelli.com\/fr\/wp-json\/wp\/v2\/types\/product"}],"wp:featuredmedia":[{"embeddable":true,"href":"https:\/\/lucacastelli.com\/fr\/wp-json\/wp\/v2\/media\/563107"}],"wp:attachment":[{"href":"https:\/\/lucacastelli.com\/fr\/wp-json\/wp\/v2\/media?parent=605050"}],"wp:term":[{"taxonomy":"product_brand","embeddable":true,"href":"https:\/\/lucacastelli.com\/fr\/wp-json\/wp\/v2\/product_brand?post=605050"},{"taxonomy":"product_cat","embeddable":true,"href":"https:\/\/lucacastelli.com\/fr\/wp-json\/wp\/v2\/product_cat?post=605050"},{"taxonomy":"product_tag","embeddable":true,"href":"https:\/\/lucacastelli.com\/fr\/wp-json\/wp\/v2\/product_tag?post=605050"}],"curies":[{"name":"wp","href":"https:\/\/api.w.org\/{rel}","templated":true}]}}