{"id":605049,"date":"2025-08-10T18:00:06","date_gmt":"2025-08-10T16:00:06","guid":{"rendered":"https:\/\/lucacastelli.com\/prodotto\/milwaukee-cultivateur-pour-multi-outil-de-jardin-m18-foph\/"},"modified":"2025-08-10T18:00:06","modified_gmt":"2025-08-10T16:00:06","slug":"milwaukee-cultivateur-pour-multi-outil-de-jardin-m18-foph","status":"publish","type":"product","link":"https:\/\/lucacastelli.com\/fr\/produit\/milwaukee-cultivateur-pour-multi-outil-de-jardin-m18-foph\/","title":{"rendered":"MILWAUKEE Cultivateur pour multi-outil de jardin M18 FOPH"},"content":{"rendered":"<p>M18 FOPH-CA \/MULTI-OUTIL<br \/>\nAccessoire polyvalent pour les activit\u00e9s li\u00e9es aux plates-bandes, notamment le brisage des surfaces, la pr\u00e9paration du sol et la revitalisation des plates-bandes pour des conditions de plantation optimales;Maniabilit\u00e9 facile dans les espaces restreints, gr\u00e2ce \u00e0 la largeur de travail \u00e9troite de 22 cm;Le cultivateur avec dents de 22 cm permet de ratisser le sol sans effort, garantissant un travail du sol efficace avec facilit\u00e9;La conception optimis\u00e9e de la protection garantit une meilleure d\u00e9flexion du mat\u00e9riau;Extension cultivateur pour multi-outil de jardin M18 FOPH<\/p>\n<p>4932492667<br \/>\n4058546475383<\/p>\n","protected":false},"excerpt":{"rendered":"<p>M18 FOPH-CA \/MULTI-OUTIL<\/p>\n","protected":false},"featured_media":557880,"template":"","meta":{"_seopress_robots_primary_cat":"","_seopress_titles_title":"","_seopress_titles_desc":"","_seopress_robots_index":""},"product_brand":[3407],"product_cat":[29,296],"product_tag":[3270],"class_list":{"0":"post-605049","1":"product","2":"type-product","3":"status-publish","4":"has-post-thumbnail","6":"product_brand-milwaukee","7":"product_cat-macchinari","8":"product_cat-sistemi-kombi-e-multi","9":"product_tag-import-milwau","10":"sws-conto-ricavi-merci-rivendita-macchinari-fr","11":"sws-gruppo-iva-iva81-fr","13":"first","14":"onbackorder","15":"sale","16":"shipping-taxable","17":"purchasable","18":"product-type-simple"},"_links":{"self":[{"href":"https:\/\/lucacastelli.com\/fr\/wp-json\/wp\/v2\/product\/605049","targetHints":{"allow":["GET"]}}],"collection":[{"href":"https:\/\/lucacastelli.com\/fr\/wp-json\/wp\/v2\/product"}],"about":[{"href":"https:\/\/lucacastelli.com\/fr\/wp-json\/wp\/v2\/types\/product"}],"wp:featuredmedia":[{"embeddable":true,"href":"https:\/\/lucacastelli.com\/fr\/wp-json\/wp\/v2\/media\/557880"}],"wp:attachment":[{"href":"https:\/\/lucacastelli.com\/fr\/wp-json\/wp\/v2\/media?parent=605049"}],"wp:term":[{"taxonomy":"product_brand","embeddable":true,"href":"https:\/\/lucacastelli.com\/fr\/wp-json\/wp\/v2\/product_brand?post=605049"},{"taxonomy":"product_cat","embeddable":true,"href":"https:\/\/lucacastelli.com\/fr\/wp-json\/wp\/v2\/product_cat?post=605049"},{"taxonomy":"product_tag","embeddable":true,"href":"https:\/\/lucacastelli.com\/fr\/wp-json\/wp\/v2\/product_tag?post=605049"}],"curies":[{"name":"wp","href":"https:\/\/api.w.org\/{rel}","templated":true}]}}