{"id":605040,"date":"2025-08-10T17:55:50","date_gmt":"2025-08-10T15:55:50","guid":{"rendered":"https:\/\/lucacastelli.com\/prodotto\/milwaukee-tronconneuse-m18-fuel-double-batterie-2x18v-avec-guide-de-50-cm\/"},"modified":"2025-08-10T17:55:50","modified_gmt":"2025-08-10T15:55:50","slug":"milwaukee-tronconneuse-m18-fuel-double-batterie-2x18v-avec-guide-de-50-cm","status":"publish","type":"product","link":"https:\/\/lucacastelli.com\/fr\/produit\/milwaukee-tronconneuse-m18-fuel-double-batterie-2x18v-avec-guide-de-50-cm\/","title":{"rendered":"MILWAUKEE Tron\u00e7onneuse M18 FUEL\u2122 double batterie (2x18V) avec guide de 50 cm"},"content":{"rendered":"<p>M18F2CHS50-802 ELECT.CHAIN SAW<br \/>\nVitesse de coupe sup\u00e9rieure aux tron\u00e7onneuses \u00e0 essence de 60 cc ; Le couple maximal de 9,5 Nm permet de r\u00e9aliser des coupes dans des mat\u00e9riaux difficiles et maintient une vitesse constante m\u00eame sous charges lourdes, sans blocage. ; Lame de 50 cm et une vitesse maximale jusqu&#8217;\u00e0 5,8 CV pour de gros travaux d&#8217;abattage et d&#8217;\u00e9lagage ; Viseur bien visible pour des travaux d&#8217;abattage pr\u00e9cis ; Deux r\u00e9glages de vitesse permettent \u00e0 l&#8217;utilisateur de choisir entre puissance maximale ou autonomie prolong\u00e9e ; Le double rail dent\u00e9 m\u00e9tallique permet \u00e0 l&#8217;utilisateur d&#8217;augmenter l&#8217;effet de levier lors de la coupe. ; La technologie FUEL\u2122 permet d&#8217;acc\u00e9l\u00e9rer au maximum en moins d&#8217;1 seconde ; Le r\u00e9gulateur de vitesse \u00e0 r\u00e9glage continu permet \u00e0 l&#8217;utilisateur d&#8217;avoir un contr\u00f4le total de la puissance ; Lubrification simple de la cha\u00eene : r\u00e9servoir sans fuite, facile \u00e0 remplir et contr\u00f4le facile du niveau de remplissage. ; Livr\u00e9e avec 76 ml d&#8217;huile, cha\u00eene de tron\u00e7onneuse et protection de lame ; L&#8217;ADN de notre plateforme FUEL\u2122 d\u00e9finit l&#8217;\u00e9quilibre des technologies sans fil. Le moteur brushless POWERSTATE\u2122 de MILWAUKEE\u00ae, la batterie REDLITHIUM\u2122 et l&#8217;intelligence \u00e9lectronique REDLINK PLUS\u2122 garantissent des performances, une autonomie et une r\u00e9sistance extraordinaires ; Syst\u00e8me 100 % compatible avec la gamme de produits MILWAUKEE\u00ae-M18\u2122<\/p>\n<p>4933480121<br \/>\n4058546404062<\/p>\n","protected":false},"excerpt":{"rendered":"<p>M18F2CHS50-802 ELECT.CHAIN SAW<\/p>\n","protected":false},"featured_media":582463,"template":"","meta":{"_seopress_robots_primary_cat":"","_seopress_titles_title":"","_seopress_titles_desc":"","_seopress_robots_index":""},"product_brand":[3407],"product_cat":[29,268,528],"product_tag":[3270],"class_list":{"0":"post-605040","1":"product","2":"type-product","3":"status-publish","4":"has-post-thumbnail","6":"product_brand-milwaukee","7":"product_cat-macchinari","8":"product_cat-motoseghe","9":"product_cat-motoseghe-a-batteria","10":"product_tag-import-milwau","11":"sws-conto-ricavi-merci-rivendita-macchinari-fr","12":"sws-gruppo-iva-iva81-fr","14":"first","15":"onbackorder","16":"sale","17":"shipping-taxable","18":"purchasable","19":"product-type-simple"},"_links":{"self":[{"href":"https:\/\/lucacastelli.com\/fr\/wp-json\/wp\/v2\/product\/605040","targetHints":{"allow":["GET"]}}],"collection":[{"href":"https:\/\/lucacastelli.com\/fr\/wp-json\/wp\/v2\/product"}],"about":[{"href":"https:\/\/lucacastelli.com\/fr\/wp-json\/wp\/v2\/types\/product"}],"wp:featuredmedia":[{"embeddable":true,"href":"https:\/\/lucacastelli.com\/fr\/wp-json\/wp\/v2\/media\/582463"}],"wp:attachment":[{"href":"https:\/\/lucacastelli.com\/fr\/wp-json\/wp\/v2\/media?parent=605040"}],"wp:term":[{"taxonomy":"product_brand","embeddable":true,"href":"https:\/\/lucacastelli.com\/fr\/wp-json\/wp\/v2\/product_brand?post=605040"},{"taxonomy":"product_cat","embeddable":true,"href":"https:\/\/lucacastelli.com\/fr\/wp-json\/wp\/v2\/product_cat?post=605040"},{"taxonomy":"product_tag","embeddable":true,"href":"https:\/\/lucacastelli.com\/fr\/wp-json\/wp\/v2\/product_tag?post=605040"}],"curies":[{"name":"wp","href":"https:\/\/api.w.org\/{rel}","templated":true}]}}