{"id":605039,"date":"2025-08-10T17:57:54","date_gmt":"2025-08-10T15:57:54","guid":{"rendered":"https:\/\/lucacastelli.com\/prodotto\/milwaukee-chargeur-de-voyage-m12\/"},"modified":"2025-08-10T17:57:54","modified_gmt":"2025-08-10T15:57:54","slug":"milwaukee-chargeur-de-voyage-m12","status":"publish","type":"product","link":"https:\/\/lucacastelli.com\/fr\/produit\/milwaukee-chargeur-de-voyage-m12\/","title":{"rendered":"MILWAUKEE Chargeur de voyage M12\u2122"},"content":{"rendered":"<p>M12TC2-0 CHARGEUR<br \/>\nLe chargeur MILWAUKEE\u00ae le plus compact charge tous les blocs-batteries M12\u2122 ; Charge les appareils \u00e9lectroniques via la sortie USB C ; G\u00e8re tous les rev\u00eatements chauffants MILWAUKEE\u00ae ; blocs-batteries REDLITHIUM\u2122 2,0 Ah \/ 2,5 Ah \/ 3,0 Ah \/ 4,0 Ah \/ 5,0 Ah \/ 6,0 Ah charg\u00e9s en 120 \/ 150 \/ 175 \/ 240 \/ 300 \/ 345 min ; Avec prise murale USB et USB-C pour c\u00e2ble C<\/p>\n<p>4932492908<br \/>\n4058546477790<\/p>\n","protected":false},"excerpt":{"rendered":"<p>M12TC2-0 CHARGEUR<\/p>\n","protected":false},"featured_media":558829,"template":"","meta":{"_seopress_robots_primary_cat":"","_seopress_titles_title":"","_seopress_titles_desc":"","_seopress_robots_index":""},"product_brand":[3407],"product_cat":[29,491],"product_tag":[3270],"class_list":{"0":"post-605039","1":"product","2":"type-product","3":"status-publish","4":"has-post-thumbnail","6":"product_brand-milwaukee","7":"product_cat-macchinari","8":"product_cat-accessori-sistemi-a-batteria","9":"product_tag-import-milwau","10":"sws-conto-ricavi-merci-rivendita-macchinari-fr","11":"sws-gruppo-iva-iva81-fr","13":"first","14":"onbackorder","15":"sale","16":"shipping-taxable","17":"purchasable","18":"product-type-simple"},"_links":{"self":[{"href":"https:\/\/lucacastelli.com\/fr\/wp-json\/wp\/v2\/product\/605039","targetHints":{"allow":["GET"]}}],"collection":[{"href":"https:\/\/lucacastelli.com\/fr\/wp-json\/wp\/v2\/product"}],"about":[{"href":"https:\/\/lucacastelli.com\/fr\/wp-json\/wp\/v2\/types\/product"}],"wp:featuredmedia":[{"embeddable":true,"href":"https:\/\/lucacastelli.com\/fr\/wp-json\/wp\/v2\/media\/558829"}],"wp:attachment":[{"href":"https:\/\/lucacastelli.com\/fr\/wp-json\/wp\/v2\/media?parent=605039"}],"wp:term":[{"taxonomy":"product_brand","embeddable":true,"href":"https:\/\/lucacastelli.com\/fr\/wp-json\/wp\/v2\/product_brand?post=605039"},{"taxonomy":"product_cat","embeddable":true,"href":"https:\/\/lucacastelli.com\/fr\/wp-json\/wp\/v2\/product_cat?post=605039"},{"taxonomy":"product_tag","embeddable":true,"href":"https:\/\/lucacastelli.com\/fr\/wp-json\/wp\/v2\/product_tag?post=605039"}],"curies":[{"name":"wp","href":"https:\/\/api.w.org\/{rel}","templated":true}]}}