{"id":605027,"date":"2025-08-10T17:57:56","date_gmt":"2025-08-10T15:57:56","guid":{"rendered":"https:\/\/lucacastelli.com\/prodotto\/milwaukee-chargeur-multiple-m18-packout-avec-usb\/"},"modified":"2025-08-10T17:57:56","modified_gmt":"2025-08-10T15:57:56","slug":"milwaukee-chargeur-multiple-m18-packout-avec-usb","status":"publish","type":"product","link":"https:\/\/lucacastelli.com\/fr\/produit\/milwaukee-chargeur-multiple-m18-packout-avec-usb\/","title":{"rendered":"MILWAUKEE Chargeur multiple M18\u2122 PACKOUT\u2122 avec USB"},"content":{"rendered":"<p>M18 PC6 \/CHARGEUR<br \/>\nCompatible avec toutes les batteries M18\u2122;Charge 2 batteries simultan\u00e9ment;Charge jusqu&#8217;\u00e0 6 batteries M18\u2122 \u00e0 la m\u00eame vitesse que le chargeur rapide M12-18 FC (M18\u2122 5.0 Ah en 59 minutes);Base compatible avec le syst\u00e8me de stockage PACKOUT\u2122;Capable de recharger des appareils \u00e9lectroniques via port USB-A 2.4A;Petits compartiments lat\u00e9raux pour la visserie;Charge 2 batteries simultan\u00e9ment lorsqu&#8217;elles sont plac\u00e9es des deux c\u00f4t\u00e9s du chargeur, une fois charg\u00e9es, le chargeur charge les batteries suivantes dans l&#8217;ordre indiqu\u00e9 par les fl\u00e8ches;Poign\u00e9e robuste et pratique pour le transport;Charge 6 batteries M18\u2122 5.0 Ah en 3 heures<\/p>\n<p>4932480162<br \/>\n4058546404475<\/p>\n","protected":false},"excerpt":{"rendered":"<p>M18 PC6 \/CHARGEUR<\/p>\n","protected":false},"featured_media":551764,"template":"","meta":{"_seopress_robots_primary_cat":"","_seopress_titles_title":"","_seopress_titles_desc":"","_seopress_robots_index":""},"product_brand":[3407],"product_cat":[29,491],"product_tag":[3270],"class_list":{"0":"post-605027","1":"product","2":"type-product","3":"status-publish","4":"has-post-thumbnail","6":"product_brand-milwaukee","7":"product_cat-macchinari","8":"product_cat-accessori-sistemi-a-batteria","9":"product_tag-import-milwau","10":"sws-conto-ricavi-merci-rivendita-macchinari-fr","11":"sws-gruppo-iva-iva81-fr","13":"first","14":"onbackorder","15":"sale","16":"shipping-taxable","17":"purchasable","18":"product-type-simple"},"_links":{"self":[{"href":"https:\/\/lucacastelli.com\/fr\/wp-json\/wp\/v2\/product\/605027","targetHints":{"allow":["GET"]}}],"collection":[{"href":"https:\/\/lucacastelli.com\/fr\/wp-json\/wp\/v2\/product"}],"about":[{"href":"https:\/\/lucacastelli.com\/fr\/wp-json\/wp\/v2\/types\/product"}],"wp:featuredmedia":[{"embeddable":true,"href":"https:\/\/lucacastelli.com\/fr\/wp-json\/wp\/v2\/media\/551764"}],"wp:attachment":[{"href":"https:\/\/lucacastelli.com\/fr\/wp-json\/wp\/v2\/media?parent=605027"}],"wp:term":[{"taxonomy":"product_brand","embeddable":true,"href":"https:\/\/lucacastelli.com\/fr\/wp-json\/wp\/v2\/product_brand?post=605027"},{"taxonomy":"product_cat","embeddable":true,"href":"https:\/\/lucacastelli.com\/fr\/wp-json\/wp\/v2\/product_cat?post=605027"},{"taxonomy":"product_tag","embeddable":true,"href":"https:\/\/lucacastelli.com\/fr\/wp-json\/wp\/v2\/product_tag?post=605027"}],"curies":[{"name":"wp","href":"https:\/\/api.w.org\/{rel}","templated":true}]}}